{"id":6947,"date":"2019-08-28T11:56:27","date_gmt":"2019-08-28T11:56:27","guid":{"rendered":"http:\/\/darmar.innovea.it\/?post_type=product&#038;p=6947"},"modified":"2021-11-24T14:16:10","modified_gmt":"2021-11-24T14:16:10","slug":"cesto-assortito-50-buste-te-darmar","status":"publish","type":"product","link":"https:\/\/www.darmar.it\/en\/prodotti\/te-e-tisane\/te-e-tisane-in-filtro-classico\/te-in-filtro-classico\/cesto-assortito-50-buste-te-darmar\/","title":{"rendered":"Cesto Assortito 50 buste t\u00e8 Darmar"},"content":{"rendered":"<p>Cestino in plastica bianca per alimenti contenente 50 buste di t\u00e8 assortite in 5 variet\u00e0 Darmar: English Blend, Verde, Limone, Arancia, Pesca<\/p>\n","protected":false},"excerpt":{"rendered":"<p>Cestino in plastica bianca per alimenti contenente 50 buste di t\u00e8 assortite in 5 variet\u00e0 Darmar: English Blend, Verde, Limone, Arancia, Pesca<\/p>\n","protected":false},"featured_media":17263,"template":"","meta":[],"product_cat":[229,230,233,186,189,192],"product_tag":[],"class_list":{"0":"post-6947","1":"product","2":"type-product","3":"status-publish","4":"has-post-thumbnail","6":"product_cat-te-e-tisane","7":"product_cat-te-e-tisane-in-filtro-classico","8":"product_cat-te-in-filtro-classico","9":"product_cat-catering","10":"product_cat-confezioni-miste","11":"product_cat-confezioni-regalo","12":"product_brand-darmar","15":"first","16":"outofstock","17":"taxable","18":"shipping-taxable","19":"purchasable","20":"product-type-simple"},"yoast_head":"<!-- This site is optimized with the Yoast SEO plugin v23.7 - https:\/\/yoast.com\/wordpress\/plugins\/seo\/ -->\n<title>Cesto Assortito 50 buste t\u00e8 Darmar - Darmar - Tea Company<\/title>\n<meta name=\"robots\" content=\"index, follow, max-snippet:-1, max-image-preview:large, max-video-preview:-1\" \/>\n<link rel=\"canonical\" href=\"https:\/\/www.darmar.it\/prodotti\/te-e-tisane\/te-e-tisane-in-filtro-classico\/te-in-filtro-classico\/cesto-assortito-50-buste-te-darmar\/\" \/>\n<meta property=\"og:locale\" content=\"en_US\" \/>\n<meta property=\"og:type\" content=\"article\" \/>\n<meta property=\"og:title\" content=\"Cesto Assortito 50 buste t\u00e8 Darmar - Darmar - Tea Company\" \/>\n<meta property=\"og:description\" content=\"Cestino in plastica bianca per alimenti contenente 50 buste di t\u00e8 assortite in 5 variet\u00e0 Darmar: English Blend, Verde, Limone, Arancia, Pesca\" \/>\n<meta property=\"og:url\" content=\"https:\/\/www.darmar.it\/prodotti\/te-e-tisane\/te-e-tisane-in-filtro-classico\/te-in-filtro-classico\/cesto-assortito-50-buste-te-darmar\/\" \/>\n<meta property=\"og:site_name\" content=\"Darmar - Tea Company\" \/>\n<meta property=\"article:publisher\" content=\"https:\/\/www.facebook.com\/darmar.Italy\/\" \/>\n<meta property=\"article:modified_time\" content=\"2021-11-24T14:16:10+00:00\" \/>\n<meta property=\"og:image\" content=\"https:\/\/www.darmar.it\/wp-content\/uploads\/2019\/08\/cesto-1-1.jpg\" \/>\n\t<meta property=\"og:image:width\" content=\"458\" \/>\n\t<meta property=\"og:image:height\" content=\"458\" \/>\n\t<meta property=\"og:image:type\" content=\"image\/jpeg\" \/>\n<meta name=\"twitter:card\" content=\"summary_large_image\" \/>\n<meta name=\"twitter:site\" content=\"@MarketingDarmar\" \/>\n<script type=\"application\/ld+json\" class=\"yoast-schema-graph\">{\"@context\":\"https:\/\/schema.org\",\"@graph\":[{\"@type\":\"WebPage\",\"@id\":\"https:\/\/www.darmar.it\/prodotti\/te-e-tisane\/te-e-tisane-in-filtro-classico\/te-in-filtro-classico\/cesto-assortito-50-buste-te-darmar\/\",\"url\":\"https:\/\/www.darmar.it\/prodotti\/te-e-tisane\/te-e-tisane-in-filtro-classico\/te-in-filtro-classico\/cesto-assortito-50-buste-te-darmar\/\",\"name\":\"Cesto Assortito 50 buste t\u00e8 Darmar - Darmar - Tea Company\",\"isPartOf\":{\"@id\":\"https:\/\/www.darmar.it\/#website\"},\"primaryImageOfPage\":{\"@id\":\"https:\/\/www.darmar.it\/prodotti\/te-e-tisane\/te-e-tisane-in-filtro-classico\/te-in-filtro-classico\/cesto-assortito-50-buste-te-darmar\/#primaryimage\"},\"image\":{\"@id\":\"https:\/\/www.darmar.it\/prodotti\/te-e-tisane\/te-e-tisane-in-filtro-classico\/te-in-filtro-classico\/cesto-assortito-50-buste-te-darmar\/#primaryimage\"},\"thumbnailUrl\":\"https:\/\/www.darmar.it\/wp-content\/uploads\/2019\/08\/cesto-1-1.jpg\",\"datePublished\":\"2019-08-28T11:56:27+00:00\",\"dateModified\":\"2021-11-24T14:16:10+00:00\",\"breadcrumb\":{\"@id\":\"https:\/\/www.darmar.it\/prodotti\/te-e-tisane\/te-e-tisane-in-filtro-classico\/te-in-filtro-classico\/cesto-assortito-50-buste-te-darmar\/#breadcrumb\"},\"inLanguage\":\"en-US\",\"potentialAction\":[{\"@type\":\"ReadAction\",\"target\":[\"https:\/\/www.darmar.it\/prodotti\/te-e-tisane\/te-e-tisane-in-filtro-classico\/te-in-filtro-classico\/cesto-assortito-50-buste-te-darmar\/\"]}]},{\"@type\":\"ImageObject\",\"inLanguage\":\"en-US\",\"@id\":\"https:\/\/www.darmar.it\/prodotti\/te-e-tisane\/te-e-tisane-in-filtro-classico\/te-in-filtro-classico\/cesto-assortito-50-buste-te-darmar\/#primaryimage\",\"url\":\"https:\/\/www.darmar.it\/wp-content\/uploads\/2019\/08\/cesto-1-1.jpg\",\"contentUrl\":\"https:\/\/www.darmar.it\/wp-content\/uploads\/2019\/08\/cesto-1-1.jpg\",\"width\":458,\"height\":458},{\"@type\":\"BreadcrumbList\",\"@id\":\"https:\/\/www.darmar.it\/prodotti\/te-e-tisane\/te-e-tisane-in-filtro-classico\/te-in-filtro-classico\/cesto-assortito-50-buste-te-darmar\/#breadcrumb\",\"itemListElement\":[{\"@type\":\"ListItem\",\"position\":1,\"name\":\"Home\",\"item\":\"https:\/\/www.darmar.it\/en\/\"},{\"@type\":\"ListItem\",\"position\":2,\"name\":\"Prodotti\",\"item\":\"https:\/\/www.darmar.it\/prodotti\/\"},{\"@type\":\"ListItem\",\"position\":3,\"name\":\"Cesto Assortito 50 buste t\u00e8 Darmar\"}]},{\"@type\":\"WebSite\",\"@id\":\"https:\/\/www.darmar.it\/#website\",\"url\":\"https:\/\/www.darmar.it\/\",\"name\":\"Darmar - Tea Company\",\"description\":\"\",\"publisher\":{\"@id\":\"https:\/\/www.darmar.it\/#organization\"},\"potentialAction\":[{\"@type\":\"SearchAction\",\"target\":{\"@type\":\"EntryPoint\",\"urlTemplate\":\"https:\/\/www.darmar.it\/?s={search_term_string}\"},\"query-input\":{\"@type\":\"PropertyValueSpecification\",\"valueRequired\":true,\"valueName\":\"search_term_string\"}}],\"inLanguage\":\"en-US\"},{\"@type\":\"Organization\",\"@id\":\"https:\/\/www.darmar.it\/#organization\",\"name\":\"Darmar\",\"url\":\"https:\/\/www.darmar.it\/\",\"logo\":{\"@type\":\"ImageObject\",\"inLanguage\":\"en-US\",\"@id\":\"https:\/\/www.darmar.it\/#\/schema\/logo\/image\/\",\"url\":\"https:\/\/www.darmar.it\/wp-content\/uploads\/2019\/08\/Darmar.png\",\"contentUrl\":\"https:\/\/www.darmar.it\/wp-content\/uploads\/2019\/08\/Darmar.png\",\"width\":265,\"height\":143,\"caption\":\"Darmar\"},\"image\":{\"@id\":\"https:\/\/www.darmar.it\/#\/schema\/logo\/image\/\"},\"sameAs\":[\"https:\/\/www.facebook.com\/darmar.Italy\/\",\"https:\/\/x.com\/MarketingDarmar\"]}]}<\/script>\n<!-- \/ Yoast SEO plugin. -->","yoast_head_json":{"title":"Cesto Assortito 50 buste t\u00e8 Darmar - Darmar - Tea Company","robots":{"index":"index","follow":"follow","max-snippet":"max-snippet:-1","max-image-preview":"max-image-preview:large","max-video-preview":"max-video-preview:-1"},"canonical":"https:\/\/www.darmar.it\/prodotti\/te-e-tisane\/te-e-tisane-in-filtro-classico\/te-in-filtro-classico\/cesto-assortito-50-buste-te-darmar\/","og_locale":"en_US","og_type":"article","og_title":"Cesto Assortito 50 buste t\u00e8 Darmar - Darmar - Tea Company","og_description":"Cestino in plastica bianca per alimenti contenente 50 buste di t\u00e8 assortite in 5 variet\u00e0 Darmar: English Blend, Verde, Limone, Arancia, Pesca","og_url":"https:\/\/www.darmar.it\/prodotti\/te-e-tisane\/te-e-tisane-in-filtro-classico\/te-in-filtro-classico\/cesto-assortito-50-buste-te-darmar\/","og_site_name":"Darmar - Tea Company","article_publisher":"https:\/\/www.facebook.com\/darmar.Italy\/","article_modified_time":"2021-11-24T14:16:10+00:00","og_image":[{"width":458,"height":458,"url":"https:\/\/www.darmar.it\/wp-content\/uploads\/2019\/08\/cesto-1-1.jpg","type":"image\/jpeg"}],"twitter_card":"summary_large_image","twitter_site":"@MarketingDarmar","schema":{"@context":"https:\/\/schema.org","@graph":[{"@type":"WebPage","@id":"https:\/\/www.darmar.it\/prodotti\/te-e-tisane\/te-e-tisane-in-filtro-classico\/te-in-filtro-classico\/cesto-assortito-50-buste-te-darmar\/","url":"https:\/\/www.darmar.it\/prodotti\/te-e-tisane\/te-e-tisane-in-filtro-classico\/te-in-filtro-classico\/cesto-assortito-50-buste-te-darmar\/","name":"Cesto Assortito 50 buste t\u00e8 Darmar - Darmar - Tea Company","isPartOf":{"@id":"https:\/\/www.darmar.it\/#website"},"primaryImageOfPage":{"@id":"https:\/\/www.darmar.it\/prodotti\/te-e-tisane\/te-e-tisane-in-filtro-classico\/te-in-filtro-classico\/cesto-assortito-50-buste-te-darmar\/#primaryimage"},"image":{"@id":"https:\/\/www.darmar.it\/prodotti\/te-e-tisane\/te-e-tisane-in-filtro-classico\/te-in-filtro-classico\/cesto-assortito-50-buste-te-darmar\/#primaryimage"},"thumbnailUrl":"https:\/\/www.darmar.it\/wp-content\/uploads\/2019\/08\/cesto-1-1.jpg","datePublished":"2019-08-28T11:56:27+00:00","dateModified":"2021-11-24T14:16:10+00:00","breadcrumb":{"@id":"https:\/\/www.darmar.it\/prodotti\/te-e-tisane\/te-e-tisane-in-filtro-classico\/te-in-filtro-classico\/cesto-assortito-50-buste-te-darmar\/#breadcrumb"},"inLanguage":"en-US","potentialAction":[{"@type":"ReadAction","target":["https:\/\/www.darmar.it\/prodotti\/te-e-tisane\/te-e-tisane-in-filtro-classico\/te-in-filtro-classico\/cesto-assortito-50-buste-te-darmar\/"]}]},{"@type":"ImageObject","inLanguage":"en-US","@id":"https:\/\/www.darmar.it\/prodotti\/te-e-tisane\/te-e-tisane-in-filtro-classico\/te-in-filtro-classico\/cesto-assortito-50-buste-te-darmar\/#primaryimage","url":"https:\/\/www.darmar.it\/wp-content\/uploads\/2019\/08\/cesto-1-1.jpg","contentUrl":"https:\/\/www.darmar.it\/wp-content\/uploads\/2019\/08\/cesto-1-1.jpg","width":458,"height":458},{"@type":"BreadcrumbList","@id":"https:\/\/www.darmar.it\/prodotti\/te-e-tisane\/te-e-tisane-in-filtro-classico\/te-in-filtro-classico\/cesto-assortito-50-buste-te-darmar\/#breadcrumb","itemListElement":[{"@type":"ListItem","position":1,"name":"Home","item":"https:\/\/www.darmar.it\/en\/"},{"@type":"ListItem","position":2,"name":"Prodotti","item":"https:\/\/www.darmar.it\/prodotti\/"},{"@type":"ListItem","position":3,"name":"Cesto Assortito 50 buste t\u00e8 Darmar"}]},{"@type":"WebSite","@id":"https:\/\/www.darmar.it\/#website","url":"https:\/\/www.darmar.it\/","name":"Darmar - Tea Company","description":"","publisher":{"@id":"https:\/\/www.darmar.it\/#organization"},"potentialAction":[{"@type":"SearchAction","target":{"@type":"EntryPoint","urlTemplate":"https:\/\/www.darmar.it\/?s={search_term_string}"},"query-input":{"@type":"PropertyValueSpecification","valueRequired":true,"valueName":"search_term_string"}}],"inLanguage":"en-US"},{"@type":"Organization","@id":"https:\/\/www.darmar.it\/#organization","name":"Darmar","url":"https:\/\/www.darmar.it\/","logo":{"@type":"ImageObject","inLanguage":"en-US","@id":"https:\/\/www.darmar.it\/#\/schema\/logo\/image\/","url":"https:\/\/www.darmar.it\/wp-content\/uploads\/2019\/08\/Darmar.png","contentUrl":"https:\/\/www.darmar.it\/wp-content\/uploads\/2019\/08\/Darmar.png","width":265,"height":143,"caption":"Darmar"},"image":{"@id":"https:\/\/www.darmar.it\/#\/schema\/logo\/image\/"},"sameAs":["https:\/\/www.facebook.com\/darmar.Italy\/","https:\/\/x.com\/MarketingDarmar"]}]}},"_links":{"self":[{"href":"https:\/\/www.darmar.it\/en\/wp-json\/wp\/v2\/product\/6947"}],"collection":[{"href":"https:\/\/www.darmar.it\/en\/wp-json\/wp\/v2\/product"}],"about":[{"href":"https:\/\/www.darmar.it\/en\/wp-json\/wp\/v2\/types\/product"}],"wp:featuredmedia":[{"embeddable":true,"href":"https:\/\/www.darmar.it\/en\/wp-json\/wp\/v2\/media\/17263"}],"wp:attachment":[{"href":"https:\/\/www.darmar.it\/en\/wp-json\/wp\/v2\/media?parent=6947"}],"wp:term":[{"taxonomy":"product_cat","embeddable":true,"href":"https:\/\/www.darmar.it\/en\/wp-json\/wp\/v2\/product_cat?post=6947"},{"taxonomy":"product_tag","embeddable":true,"href":"https:\/\/www.darmar.it\/en\/wp-json\/wp\/v2\/product_tag?post=6947"}],"curies":[{"name":"wp","href":"https:\/\/api.w.org\/{rel}","templated":true}]}}