{"id":6945,"date":"2019-08-28T11:53:44","date_gmt":"2019-08-28T11:53:44","guid":{"rendered":"http:\/\/darmar.innovea.it\/?post_type=product&#038;p=6945"},"modified":"2021-11-03T08:48:03","modified_gmt":"2021-11-03T08:48:03","slug":"menu-lista-te-ed-infusi-25-gusti-filtri-piramidali","status":"publish","type":"product","link":"https:\/\/www.darmar.it\/en\/prodotti\/espositori-e-promozionali\/menu-lista-te-ed-infusi-25-gusti-filtri-piramidali\/","title":{"rendered":"Men\u00f9 &#8211; Lista t\u00e8 ed Infusi filtri piramidali."},"content":{"rendered":"<p>Lista dei t\u00e8 e degli infusi in filtri piramidali.<br \/>\nLa presente lista riporta tutti i\u00a0 gusti della linea ovvero:<br \/>\nT\u00e8 Breakfast<br \/>\nT\u00e8 Nero Orange Pekoe.<br \/>\nT\u00e8 Nero Pakistano.<br \/>\nT\u00e8 Nero Cioccolato Menta.<br \/>\nT\u00e8 nero sogni alla cannella.<\/p>\n<p>T\u00e8 Nero Earl Grey.<br \/>\nT\u00e8 Verde Sencha con Ciliegie.<br \/>\nT\u00e8 Verde con Gelsomino<br \/>\nT\u00e8 Rosso Pu Erh corpo del desiderio.<\/p>\n<p>T\u00e8 Verde puro.<br \/>\nDigest &#8211; infuso.<br \/>\nFoglie di Menta.<br \/>\nRooibos Relax.<br \/>\nFrutti Mediterranei.<br \/>\nMela e Lampone.<\/p>\n<p>Tisana di Natale.<\/p>\n<p>BIO T\u00e8 Verde Zenzero limone.<br \/>\nBio T\u00e8 Nero Darjeeling.<br \/>\nBIO T\u00e8 Nero Vaniglia.<br \/>\nBIO T\u00e8 Nero Chai.<br \/>\nBIO T\u00e8 Verde Mirtilli e arancia.<br \/>\nBio Camomilla fiore intero.<br \/>\nBio Frutti di Bosco.<\/p>\n<p>Bio Verbena e Menta.<\/p>\n<p>Bio Rooibos e Arancia<\/p>\n<p>Bio Rooibos Dolce<\/p>\n<p>Bio T\u00e8 Rosso Pu Erh con Fragola e Vaniglia<\/p>\n<p>Bio T\u00e8 Verde con Fiori<\/p>\n","protected":false},"excerpt":{"rendered":"<p>&hellip; <a class=\"read-more-link\" href=\"https:\/\/www.darmar.it\/en\/prodotti\/espositori-e-promozionali\/menu-lista-te-ed-infusi-25-gusti-filtri-piramidali\/\">Read More<\/a><\/p>\n","protected":false},"featured_media":6946,"template":"","meta":[],"product_cat":[185],"product_tag":[],"class_list":{"0":"post-6945","1":"product","2":"type-product","3":"status-publish","4":"has-post-thumbnail","6":"product_cat-espositori-e-promozionali","7":"product_brand-darmar","8":"product_brand-ship","11":"first","12":"instock","13":"taxable","14":"shipping-taxable","15":"purchasable","16":"product-type-simple"},"yoast_head":"<!-- This site is optimized with the Yoast SEO plugin v23.7 - https:\/\/yoast.com\/wordpress\/plugins\/seo\/ -->\n<title>Men\u00f9 - Lista t\u00e8 ed Infusi filtri piramidali. - Darmar - Tea Company<\/title>\n<meta name=\"robots\" content=\"index, follow, max-snippet:-1, max-image-preview:large, max-video-preview:-1\" \/>\n<link rel=\"canonical\" href=\"https:\/\/www.darmar.it\/prodotti\/espositori-e-promozionali\/menu-lista-te-ed-infusi-25-gusti-filtri-piramidali\/\" \/>\n<meta property=\"og:locale\" content=\"en_US\" \/>\n<meta property=\"og:type\" content=\"article\" \/>\n<meta property=\"og:title\" content=\"Men\u00f9 - Lista t\u00e8 ed Infusi filtri piramidali. - Darmar - Tea Company\" \/>\n<meta property=\"og:description\" content=\"&hellip; Read More\" \/>\n<meta property=\"og:url\" content=\"https:\/\/www.darmar.it\/prodotti\/espositori-e-promozionali\/menu-lista-te-ed-infusi-25-gusti-filtri-piramidali\/\" \/>\n<meta property=\"og:site_name\" content=\"Darmar - Tea Company\" \/>\n<meta property=\"article:publisher\" content=\"https:\/\/www.facebook.com\/darmar.Italy\/\" \/>\n<meta property=\"article:modified_time\" content=\"2021-11-03T08:48:03+00:00\" \/>\n<meta property=\"og:image\" content=\"https:\/\/www.darmar.it\/wp-content\/uploads\/2019\/08\/Men\u00f9-Lista-t\u00e8-ed-Infusi-25-gusti-filtri-piramidali..jpg\" \/>\n\t<meta property=\"og:image:width\" content=\"426\" \/>\n\t<meta property=\"og:image:height\" content=\"600\" \/>\n\t<meta property=\"og:image:type\" content=\"image\/jpeg\" \/>\n<meta name=\"twitter:card\" content=\"summary_large_image\" \/>\n<meta name=\"twitter:site\" content=\"@MarketingDarmar\" \/>\n<meta name=\"twitter:label1\" content=\"Est. reading time\" \/>\n\t<meta name=\"twitter:data1\" content=\"1 minute\" \/>\n<script type=\"application\/ld+json\" class=\"yoast-schema-graph\">{\"@context\":\"https:\/\/schema.org\",\"@graph\":[{\"@type\":\"WebPage\",\"@id\":\"https:\/\/www.darmar.it\/prodotti\/espositori-e-promozionali\/menu-lista-te-ed-infusi-25-gusti-filtri-piramidali\/\",\"url\":\"https:\/\/www.darmar.it\/prodotti\/espositori-e-promozionali\/menu-lista-te-ed-infusi-25-gusti-filtri-piramidali\/\",\"name\":\"Men\u00f9 - Lista t\u00e8 ed Infusi filtri piramidali. - Darmar - Tea Company\",\"isPartOf\":{\"@id\":\"https:\/\/www.darmar.it\/#website\"},\"primaryImageOfPage\":{\"@id\":\"https:\/\/www.darmar.it\/prodotti\/espositori-e-promozionali\/menu-lista-te-ed-infusi-25-gusti-filtri-piramidali\/#primaryimage\"},\"image\":{\"@id\":\"https:\/\/www.darmar.it\/prodotti\/espositori-e-promozionali\/menu-lista-te-ed-infusi-25-gusti-filtri-piramidali\/#primaryimage\"},\"thumbnailUrl\":\"https:\/\/www.darmar.it\/wp-content\/uploads\/2019\/08\/Men\u00f9-Lista-t\u00e8-ed-Infusi-25-gusti-filtri-piramidali..jpg\",\"datePublished\":\"2019-08-28T11:53:44+00:00\",\"dateModified\":\"2021-11-03T08:48:03+00:00\",\"breadcrumb\":{\"@id\":\"https:\/\/www.darmar.it\/prodotti\/espositori-e-promozionali\/menu-lista-te-ed-infusi-25-gusti-filtri-piramidali\/#breadcrumb\"},\"inLanguage\":\"en-US\",\"potentialAction\":[{\"@type\":\"ReadAction\",\"target\":[\"https:\/\/www.darmar.it\/prodotti\/espositori-e-promozionali\/menu-lista-te-ed-infusi-25-gusti-filtri-piramidali\/\"]}]},{\"@type\":\"ImageObject\",\"inLanguage\":\"en-US\",\"@id\":\"https:\/\/www.darmar.it\/prodotti\/espositori-e-promozionali\/menu-lista-te-ed-infusi-25-gusti-filtri-piramidali\/#primaryimage\",\"url\":\"https:\/\/www.darmar.it\/wp-content\/uploads\/2019\/08\/Men\u00f9-Lista-t\u00e8-ed-Infusi-25-gusti-filtri-piramidali..jpg\",\"contentUrl\":\"https:\/\/www.darmar.it\/wp-content\/uploads\/2019\/08\/Men\u00f9-Lista-t\u00e8-ed-Infusi-25-gusti-filtri-piramidali..jpg\",\"width\":426,\"height\":600,\"caption\":\"Men\u00f9 - Lista t\u00e8 ed Infusi 25 gusti filtri piramidali.\"},{\"@type\":\"BreadcrumbList\",\"@id\":\"https:\/\/www.darmar.it\/prodotti\/espositori-e-promozionali\/menu-lista-te-ed-infusi-25-gusti-filtri-piramidali\/#breadcrumb\",\"itemListElement\":[{\"@type\":\"ListItem\",\"position\":1,\"name\":\"Home\",\"item\":\"https:\/\/www.darmar.it\/en\/\"},{\"@type\":\"ListItem\",\"position\":2,\"name\":\"Prodotti\",\"item\":\"https:\/\/www.darmar.it\/prodotti\/\"},{\"@type\":\"ListItem\",\"position\":3,\"name\":\"Men\u00f9 &#8211; Lista t\u00e8 ed Infusi filtri piramidali.\"}]},{\"@type\":\"WebSite\",\"@id\":\"https:\/\/www.darmar.it\/#website\",\"url\":\"https:\/\/www.darmar.it\/\",\"name\":\"Darmar - Tea Company\",\"description\":\"\",\"publisher\":{\"@id\":\"https:\/\/www.darmar.it\/#organization\"},\"potentialAction\":[{\"@type\":\"SearchAction\",\"target\":{\"@type\":\"EntryPoint\",\"urlTemplate\":\"https:\/\/www.darmar.it\/?s={search_term_string}\"},\"query-input\":{\"@type\":\"PropertyValueSpecification\",\"valueRequired\":true,\"valueName\":\"search_term_string\"}}],\"inLanguage\":\"en-US\"},{\"@type\":\"Organization\",\"@id\":\"https:\/\/www.darmar.it\/#organization\",\"name\":\"Darmar\",\"url\":\"https:\/\/www.darmar.it\/\",\"logo\":{\"@type\":\"ImageObject\",\"inLanguage\":\"en-US\",\"@id\":\"https:\/\/www.darmar.it\/#\/schema\/logo\/image\/\",\"url\":\"https:\/\/www.darmar.it\/wp-content\/uploads\/2019\/08\/Darmar.png\",\"contentUrl\":\"https:\/\/www.darmar.it\/wp-content\/uploads\/2019\/08\/Darmar.png\",\"width\":265,\"height\":143,\"caption\":\"Darmar\"},\"image\":{\"@id\":\"https:\/\/www.darmar.it\/#\/schema\/logo\/image\/\"},\"sameAs\":[\"https:\/\/www.facebook.com\/darmar.Italy\/\",\"https:\/\/x.com\/MarketingDarmar\"]}]}<\/script>\n<!-- \/ Yoast SEO plugin. -->","yoast_head_json":{"title":"Men\u00f9 - Lista t\u00e8 ed Infusi filtri piramidali. - Darmar - Tea Company","robots":{"index":"index","follow":"follow","max-snippet":"max-snippet:-1","max-image-preview":"max-image-preview:large","max-video-preview":"max-video-preview:-1"},"canonical":"https:\/\/www.darmar.it\/prodotti\/espositori-e-promozionali\/menu-lista-te-ed-infusi-25-gusti-filtri-piramidali\/","og_locale":"en_US","og_type":"article","og_title":"Men\u00f9 - Lista t\u00e8 ed Infusi filtri piramidali. - Darmar - Tea Company","og_description":"&hellip; Read More","og_url":"https:\/\/www.darmar.it\/prodotti\/espositori-e-promozionali\/menu-lista-te-ed-infusi-25-gusti-filtri-piramidali\/","og_site_name":"Darmar - Tea Company","article_publisher":"https:\/\/www.facebook.com\/darmar.Italy\/","article_modified_time":"2021-11-03T08:48:03+00:00","og_image":[{"width":426,"height":600,"url":"https:\/\/www.darmar.it\/wp-content\/uploads\/2019\/08\/Men\u00f9-Lista-t\u00e8-ed-Infusi-25-gusti-filtri-piramidali..jpg","type":"image\/jpeg"}],"twitter_card":"summary_large_image","twitter_site":"@MarketingDarmar","twitter_misc":{"Est. reading time":"1 minute"},"schema":{"@context":"https:\/\/schema.org","@graph":[{"@type":"WebPage","@id":"https:\/\/www.darmar.it\/prodotti\/espositori-e-promozionali\/menu-lista-te-ed-infusi-25-gusti-filtri-piramidali\/","url":"https:\/\/www.darmar.it\/prodotti\/espositori-e-promozionali\/menu-lista-te-ed-infusi-25-gusti-filtri-piramidali\/","name":"Men\u00f9 - Lista t\u00e8 ed Infusi filtri piramidali. - Darmar - Tea Company","isPartOf":{"@id":"https:\/\/www.darmar.it\/#website"},"primaryImageOfPage":{"@id":"https:\/\/www.darmar.it\/prodotti\/espositori-e-promozionali\/menu-lista-te-ed-infusi-25-gusti-filtri-piramidali\/#primaryimage"},"image":{"@id":"https:\/\/www.darmar.it\/prodotti\/espositori-e-promozionali\/menu-lista-te-ed-infusi-25-gusti-filtri-piramidali\/#primaryimage"},"thumbnailUrl":"https:\/\/www.darmar.it\/wp-content\/uploads\/2019\/08\/Men\u00f9-Lista-t\u00e8-ed-Infusi-25-gusti-filtri-piramidali..jpg","datePublished":"2019-08-28T11:53:44+00:00","dateModified":"2021-11-03T08:48:03+00:00","breadcrumb":{"@id":"https:\/\/www.darmar.it\/prodotti\/espositori-e-promozionali\/menu-lista-te-ed-infusi-25-gusti-filtri-piramidali\/#breadcrumb"},"inLanguage":"en-US","potentialAction":[{"@type":"ReadAction","target":["https:\/\/www.darmar.it\/prodotti\/espositori-e-promozionali\/menu-lista-te-ed-infusi-25-gusti-filtri-piramidali\/"]}]},{"@type":"ImageObject","inLanguage":"en-US","@id":"https:\/\/www.darmar.it\/prodotti\/espositori-e-promozionali\/menu-lista-te-ed-infusi-25-gusti-filtri-piramidali\/#primaryimage","url":"https:\/\/www.darmar.it\/wp-content\/uploads\/2019\/08\/Men\u00f9-Lista-t\u00e8-ed-Infusi-25-gusti-filtri-piramidali..jpg","contentUrl":"https:\/\/www.darmar.it\/wp-content\/uploads\/2019\/08\/Men\u00f9-Lista-t\u00e8-ed-Infusi-25-gusti-filtri-piramidali..jpg","width":426,"height":600,"caption":"Men\u00f9 - Lista t\u00e8 ed Infusi 25 gusti filtri piramidali."},{"@type":"BreadcrumbList","@id":"https:\/\/www.darmar.it\/prodotti\/espositori-e-promozionali\/menu-lista-te-ed-infusi-25-gusti-filtri-piramidali\/#breadcrumb","itemListElement":[{"@type":"ListItem","position":1,"name":"Home","item":"https:\/\/www.darmar.it\/en\/"},{"@type":"ListItem","position":2,"name":"Prodotti","item":"https:\/\/www.darmar.it\/prodotti\/"},{"@type":"ListItem","position":3,"name":"Men\u00f9 &#8211; Lista t\u00e8 ed Infusi filtri piramidali."}]},{"@type":"WebSite","@id":"https:\/\/www.darmar.it\/#website","url":"https:\/\/www.darmar.it\/","name":"Darmar - Tea Company","description":"","publisher":{"@id":"https:\/\/www.darmar.it\/#organization"},"potentialAction":[{"@type":"SearchAction","target":{"@type":"EntryPoint","urlTemplate":"https:\/\/www.darmar.it\/?s={search_term_string}"},"query-input":{"@type":"PropertyValueSpecification","valueRequired":true,"valueName":"search_term_string"}}],"inLanguage":"en-US"},{"@type":"Organization","@id":"https:\/\/www.darmar.it\/#organization","name":"Darmar","url":"https:\/\/www.darmar.it\/","logo":{"@type":"ImageObject","inLanguage":"en-US","@id":"https:\/\/www.darmar.it\/#\/schema\/logo\/image\/","url":"https:\/\/www.darmar.it\/wp-content\/uploads\/2019\/08\/Darmar.png","contentUrl":"https:\/\/www.darmar.it\/wp-content\/uploads\/2019\/08\/Darmar.png","width":265,"height":143,"caption":"Darmar"},"image":{"@id":"https:\/\/www.darmar.it\/#\/schema\/logo\/image\/"},"sameAs":["https:\/\/www.facebook.com\/darmar.Italy\/","https:\/\/x.com\/MarketingDarmar"]}]}},"_links":{"self":[{"href":"https:\/\/www.darmar.it\/en\/wp-json\/wp\/v2\/product\/6945"}],"collection":[{"href":"https:\/\/www.darmar.it\/en\/wp-json\/wp\/v2\/product"}],"about":[{"href":"https:\/\/www.darmar.it\/en\/wp-json\/wp\/v2\/types\/product"}],"wp:featuredmedia":[{"embeddable":true,"href":"https:\/\/www.darmar.it\/en\/wp-json\/wp\/v2\/media\/6946"}],"wp:attachment":[{"href":"https:\/\/www.darmar.it\/en\/wp-json\/wp\/v2\/media?parent=6945"}],"wp:term":[{"taxonomy":"product_cat","embeddable":true,"href":"https:\/\/www.darmar.it\/en\/wp-json\/wp\/v2\/product_cat?post=6945"},{"taxonomy":"product_tag","embeddable":true,"href":"https:\/\/www.darmar.it\/en\/wp-json\/wp\/v2\/product_tag?post=6945"}],"curies":[{"name":"wp","href":"https:\/\/api.w.org\/{rel}","templated":true}]}}