{"id":19299,"date":"2025-02-17T18:39:11","date_gmt":"2025-02-17T16:39:11","guid":{"rendered":"https:\/\/www.darmar.it\/?post_type=product&#038;p=19299"},"modified":"2025-11-13T13:29:46","modified_gmt":"2025-11-13T11:29:46","slug":"scatola-15-filtri-piramidali-arancia-propoli-miele","status":"publish","type":"product","link":"https:\/\/www.darmar.it\/en\/prodotti\/te-e-tisane\/te-e-tisane-in-filtro-piramide\/tisane-filtro-piramide\/scatola-15-filtri-piramidali-arancia-propoli-miele\/","title":{"rendered":"Scatola 15 Filtri Piramidali Arancia, Propoli, Miele"},"content":{"rendered":"<p>Lasciati ispirare da questa nuova infusione balsamica.<\/p>\n<p>Non contiene teina.<\/p>\n<p>Peso netto 37.5g (15 x 2.5g)<\/p>\n<p>Le infusioni in taglio piramidale hanno notevoli vantaggi rispetto alle infusioni in taglio fanning (tipo di taglio utilizzato nei filtri tradizionali ). Qualit\u00e0: La misura del taglio dei prodotti \u00e8 maggiore di quella dei filtri tradizionali e pertanto si tratta di un prodotto di qualit\u00e0 superiore. Forma piramidale: la forma piramidale di questi filtri \u00e8 ottima perch\u00e8 durante l\u2019infusione, le piante emanano tutto il loro colore, sapore e aroma. Inoltre la maggiore dimensione del filtro piramidale permette alle foglie di imbibirsi meglio e di allargarsi totalmente.<\/p>\n<p>Indicazioni di massima su come preparare t\u00e8 ed infusi:<\/p>\n<p>T\u00e8 neri e t\u00e8 rossi: portare l&#8217;acqua quasi ad ebollizione e poi lasciare la bustina in infusione 3 &#8211; 5 minuti<\/p>\n<p>T\u00e8 verdi: portare l&#8217;acqua a circa 80 gradi e poi lasciare la bustina in infusione 2 &#8211; 3 minuti<\/p>\n<p>Rooibos e tisane: portare l&#8217;acqua quasi ad ebollizione e lasciare in infusione 4 &#8211; 7 minuti<\/p>\n<p>Buona degustazione!<\/p>\n<p>&nbsp;<\/p>\n<p>&nbsp;<\/p>\n","protected":false},"excerpt":{"rendered":"<p>Lasciati ispirare da questa nuova infusione balsamica<\/p>\n<p>Non contiene teina.<\/p>\n<p>Peso netto 37.5g (15 x 2.5g)<\/p>\n<p>&nbsp;<\/p>\n<p>&nbsp;<\/p>\n","protected":false},"featured_media":19297,"template":"","meta":[],"product_cat":[455,229,231,236],"product_tag":[],"class_list":{"0":"post-19299","1":"product","2":"type-product","3":"status-publish","4":"has-post-thumbnail","6":"product_cat-novita","7":"product_cat-te-e-tisane","8":"product_cat-te-e-tisane-in-filtro-piramide","9":"product_cat-tisane-filtro-piramide","10":"product_brand-ship","13":"first","14":"instock","15":"taxable","16":"shipping-taxable","17":"purchasable","18":"product-type-simple"},"yoast_head":"<!-- This site is optimized with the Yoast SEO plugin v23.7 - https:\/\/yoast.com\/wordpress\/plugins\/seo\/ -->\n<title>Scatola 15 Filtri Piramidali Arancia, Propoli, Miele - Darmar - Tea Company<\/title>\n<meta name=\"robots\" content=\"index, follow, max-snippet:-1, max-image-preview:large, max-video-preview:-1\" \/>\n<link rel=\"canonical\" href=\"https:\/\/www.darmar.it\/prodotti\/te-e-tisane\/te-e-tisane-in-filtro-piramide\/tisane-filtro-piramide\/scatola-15-filtri-piramidali-arancia-propoli-miele\/\" \/>\n<meta property=\"og:locale\" content=\"en_US\" \/>\n<meta property=\"og:type\" content=\"article\" \/>\n<meta property=\"og:title\" content=\"Scatola 15 Filtri Piramidali Arancia, Propoli, Miele - Darmar - Tea Company\" \/>\n<meta property=\"og:description\" content=\"Lasciati ispirare da questa nuova infusione balsamica  Non contiene teina.  Peso netto 37.5g (15 x 2.5g)  &nbsp;  &nbsp;\" \/>\n<meta property=\"og:url\" content=\"https:\/\/www.darmar.it\/prodotti\/te-e-tisane\/te-e-tisane-in-filtro-piramide\/tisane-filtro-piramide\/scatola-15-filtri-piramidali-arancia-propoli-miele\/\" \/>\n<meta property=\"og:site_name\" content=\"Darmar - Tea Company\" \/>\n<meta property=\"article:publisher\" content=\"https:\/\/www.facebook.com\/darmar.Italy\/\" \/>\n<meta property=\"article:modified_time\" content=\"2025-11-13T11:29:46+00:00\" \/>\n<meta property=\"og:image\" content=\"https:\/\/www.darmar.it\/wp-content\/uploads\/2025\/02\/Arancia-propoli-miele.jpg\" \/>\n\t<meta property=\"og:image:width\" content=\"221\" \/>\n\t<meta property=\"og:image:height\" content=\"235\" \/>\n\t<meta property=\"og:image:type\" content=\"image\/jpeg\" \/>\n<meta name=\"twitter:card\" content=\"summary_large_image\" \/>\n<meta name=\"twitter:site\" content=\"@MarketingDarmar\" \/>\n<meta name=\"twitter:label1\" content=\"Est. reading time\" \/>\n\t<meta name=\"twitter:data1\" content=\"2 minutes\" \/>\n<script type=\"application\/ld+json\" class=\"yoast-schema-graph\">{\"@context\":\"https:\/\/schema.org\",\"@graph\":[{\"@type\":\"WebPage\",\"@id\":\"https:\/\/www.darmar.it\/prodotti\/te-e-tisane\/te-e-tisane-in-filtro-piramide\/tisane-filtro-piramide\/scatola-15-filtri-piramidali-arancia-propoli-miele\/\",\"url\":\"https:\/\/www.darmar.it\/prodotti\/te-e-tisane\/te-e-tisane-in-filtro-piramide\/tisane-filtro-piramide\/scatola-15-filtri-piramidali-arancia-propoli-miele\/\",\"name\":\"Scatola 15 Filtri Piramidali Arancia, Propoli, Miele - Darmar - Tea Company\",\"isPartOf\":{\"@id\":\"https:\/\/www.darmar.it\/#website\"},\"primaryImageOfPage\":{\"@id\":\"https:\/\/www.darmar.it\/prodotti\/te-e-tisane\/te-e-tisane-in-filtro-piramide\/tisane-filtro-piramide\/scatola-15-filtri-piramidali-arancia-propoli-miele\/#primaryimage\"},\"image\":{\"@id\":\"https:\/\/www.darmar.it\/prodotti\/te-e-tisane\/te-e-tisane-in-filtro-piramide\/tisane-filtro-piramide\/scatola-15-filtri-piramidali-arancia-propoli-miele\/#primaryimage\"},\"thumbnailUrl\":\"https:\/\/www.darmar.it\/wp-content\/uploads\/2025\/02\/Arancia-propoli-miele.jpg\",\"datePublished\":\"2025-02-17T16:39:11+00:00\",\"dateModified\":\"2025-11-13T11:29:46+00:00\",\"breadcrumb\":{\"@id\":\"https:\/\/www.darmar.it\/prodotti\/te-e-tisane\/te-e-tisane-in-filtro-piramide\/tisane-filtro-piramide\/scatola-15-filtri-piramidali-arancia-propoli-miele\/#breadcrumb\"},\"inLanguage\":\"en-US\",\"potentialAction\":[{\"@type\":\"ReadAction\",\"target\":[\"https:\/\/www.darmar.it\/prodotti\/te-e-tisane\/te-e-tisane-in-filtro-piramide\/tisane-filtro-piramide\/scatola-15-filtri-piramidali-arancia-propoli-miele\/\"]}]},{\"@type\":\"ImageObject\",\"inLanguage\":\"en-US\",\"@id\":\"https:\/\/www.darmar.it\/prodotti\/te-e-tisane\/te-e-tisane-in-filtro-piramide\/tisane-filtro-piramide\/scatola-15-filtri-piramidali-arancia-propoli-miele\/#primaryimage\",\"url\":\"https:\/\/www.darmar.it\/wp-content\/uploads\/2025\/02\/Arancia-propoli-miele.jpg\",\"contentUrl\":\"https:\/\/www.darmar.it\/wp-content\/uploads\/2025\/02\/Arancia-propoli-miele.jpg\",\"width\":221,\"height\":235},{\"@type\":\"BreadcrumbList\",\"@id\":\"https:\/\/www.darmar.it\/prodotti\/te-e-tisane\/te-e-tisane-in-filtro-piramide\/tisane-filtro-piramide\/scatola-15-filtri-piramidali-arancia-propoli-miele\/#breadcrumb\",\"itemListElement\":[{\"@type\":\"ListItem\",\"position\":1,\"name\":\"Home\",\"item\":\"https:\/\/www.darmar.it\/en\/\"},{\"@type\":\"ListItem\",\"position\":2,\"name\":\"Prodotti\",\"item\":\"https:\/\/www.darmar.it\/prodotti\/\"},{\"@type\":\"ListItem\",\"position\":3,\"name\":\"Scatola 15 Filtri Piramidali Arancia, Propoli, Miele\"}]},{\"@type\":\"WebSite\",\"@id\":\"https:\/\/www.darmar.it\/#website\",\"url\":\"https:\/\/www.darmar.it\/\",\"name\":\"Darmar - Tea Company\",\"description\":\"\",\"publisher\":{\"@id\":\"https:\/\/www.darmar.it\/#organization\"},\"potentialAction\":[{\"@type\":\"SearchAction\",\"target\":{\"@type\":\"EntryPoint\",\"urlTemplate\":\"https:\/\/www.darmar.it\/?s={search_term_string}\"},\"query-input\":{\"@type\":\"PropertyValueSpecification\",\"valueRequired\":true,\"valueName\":\"search_term_string\"}}],\"inLanguage\":\"en-US\"},{\"@type\":\"Organization\",\"@id\":\"https:\/\/www.darmar.it\/#organization\",\"name\":\"Darmar\",\"url\":\"https:\/\/www.darmar.it\/\",\"logo\":{\"@type\":\"ImageObject\",\"inLanguage\":\"en-US\",\"@id\":\"https:\/\/www.darmar.it\/#\/schema\/logo\/image\/\",\"url\":\"https:\/\/www.darmar.it\/wp-content\/uploads\/2019\/08\/Darmar.png\",\"contentUrl\":\"https:\/\/www.darmar.it\/wp-content\/uploads\/2019\/08\/Darmar.png\",\"width\":265,\"height\":143,\"caption\":\"Darmar\"},\"image\":{\"@id\":\"https:\/\/www.darmar.it\/#\/schema\/logo\/image\/\"},\"sameAs\":[\"https:\/\/www.facebook.com\/darmar.Italy\/\",\"https:\/\/x.com\/MarketingDarmar\"]}]}<\/script>\n<!-- \/ Yoast SEO plugin. -->","yoast_head_json":{"title":"Scatola 15 Filtri Piramidali Arancia, Propoli, Miele - Darmar - Tea Company","robots":{"index":"index","follow":"follow","max-snippet":"max-snippet:-1","max-image-preview":"max-image-preview:large","max-video-preview":"max-video-preview:-1"},"canonical":"https:\/\/www.darmar.it\/prodotti\/te-e-tisane\/te-e-tisane-in-filtro-piramide\/tisane-filtro-piramide\/scatola-15-filtri-piramidali-arancia-propoli-miele\/","og_locale":"en_US","og_type":"article","og_title":"Scatola 15 Filtri Piramidali Arancia, Propoli, Miele - Darmar - Tea Company","og_description":"Lasciati ispirare da questa nuova infusione balsamica  Non contiene teina.  Peso netto 37.5g (15 x 2.5g)  &nbsp;  &nbsp;","og_url":"https:\/\/www.darmar.it\/prodotti\/te-e-tisane\/te-e-tisane-in-filtro-piramide\/tisane-filtro-piramide\/scatola-15-filtri-piramidali-arancia-propoli-miele\/","og_site_name":"Darmar - Tea Company","article_publisher":"https:\/\/www.facebook.com\/darmar.Italy\/","article_modified_time":"2025-11-13T11:29:46+00:00","og_image":[{"width":221,"height":235,"url":"https:\/\/www.darmar.it\/wp-content\/uploads\/2025\/02\/Arancia-propoli-miele.jpg","type":"image\/jpeg"}],"twitter_card":"summary_large_image","twitter_site":"@MarketingDarmar","twitter_misc":{"Est. reading time":"2 minutes"},"schema":{"@context":"https:\/\/schema.org","@graph":[{"@type":"WebPage","@id":"https:\/\/www.darmar.it\/prodotti\/te-e-tisane\/te-e-tisane-in-filtro-piramide\/tisane-filtro-piramide\/scatola-15-filtri-piramidali-arancia-propoli-miele\/","url":"https:\/\/www.darmar.it\/prodotti\/te-e-tisane\/te-e-tisane-in-filtro-piramide\/tisane-filtro-piramide\/scatola-15-filtri-piramidali-arancia-propoli-miele\/","name":"Scatola 15 Filtri Piramidali Arancia, Propoli, Miele - Darmar - Tea Company","isPartOf":{"@id":"https:\/\/www.darmar.it\/#website"},"primaryImageOfPage":{"@id":"https:\/\/www.darmar.it\/prodotti\/te-e-tisane\/te-e-tisane-in-filtro-piramide\/tisane-filtro-piramide\/scatola-15-filtri-piramidali-arancia-propoli-miele\/#primaryimage"},"image":{"@id":"https:\/\/www.darmar.it\/prodotti\/te-e-tisane\/te-e-tisane-in-filtro-piramide\/tisane-filtro-piramide\/scatola-15-filtri-piramidali-arancia-propoli-miele\/#primaryimage"},"thumbnailUrl":"https:\/\/www.darmar.it\/wp-content\/uploads\/2025\/02\/Arancia-propoli-miele.jpg","datePublished":"2025-02-17T16:39:11+00:00","dateModified":"2025-11-13T11:29:46+00:00","breadcrumb":{"@id":"https:\/\/www.darmar.it\/prodotti\/te-e-tisane\/te-e-tisane-in-filtro-piramide\/tisane-filtro-piramide\/scatola-15-filtri-piramidali-arancia-propoli-miele\/#breadcrumb"},"inLanguage":"en-US","potentialAction":[{"@type":"ReadAction","target":["https:\/\/www.darmar.it\/prodotti\/te-e-tisane\/te-e-tisane-in-filtro-piramide\/tisane-filtro-piramide\/scatola-15-filtri-piramidali-arancia-propoli-miele\/"]}]},{"@type":"ImageObject","inLanguage":"en-US","@id":"https:\/\/www.darmar.it\/prodotti\/te-e-tisane\/te-e-tisane-in-filtro-piramide\/tisane-filtro-piramide\/scatola-15-filtri-piramidali-arancia-propoli-miele\/#primaryimage","url":"https:\/\/www.darmar.it\/wp-content\/uploads\/2025\/02\/Arancia-propoli-miele.jpg","contentUrl":"https:\/\/www.darmar.it\/wp-content\/uploads\/2025\/02\/Arancia-propoli-miele.jpg","width":221,"height":235},{"@type":"BreadcrumbList","@id":"https:\/\/www.darmar.it\/prodotti\/te-e-tisane\/te-e-tisane-in-filtro-piramide\/tisane-filtro-piramide\/scatola-15-filtri-piramidali-arancia-propoli-miele\/#breadcrumb","itemListElement":[{"@type":"ListItem","position":1,"name":"Home","item":"https:\/\/www.darmar.it\/en\/"},{"@type":"ListItem","position":2,"name":"Prodotti","item":"https:\/\/www.darmar.it\/prodotti\/"},{"@type":"ListItem","position":3,"name":"Scatola 15 Filtri Piramidali Arancia, Propoli, Miele"}]},{"@type":"WebSite","@id":"https:\/\/www.darmar.it\/#website","url":"https:\/\/www.darmar.it\/","name":"Darmar - Tea Company","description":"","publisher":{"@id":"https:\/\/www.darmar.it\/#organization"},"potentialAction":[{"@type":"SearchAction","target":{"@type":"EntryPoint","urlTemplate":"https:\/\/www.darmar.it\/?s={search_term_string}"},"query-input":{"@type":"PropertyValueSpecification","valueRequired":true,"valueName":"search_term_string"}}],"inLanguage":"en-US"},{"@type":"Organization","@id":"https:\/\/www.darmar.it\/#organization","name":"Darmar","url":"https:\/\/www.darmar.it\/","logo":{"@type":"ImageObject","inLanguage":"en-US","@id":"https:\/\/www.darmar.it\/#\/schema\/logo\/image\/","url":"https:\/\/www.darmar.it\/wp-content\/uploads\/2019\/08\/Darmar.png","contentUrl":"https:\/\/www.darmar.it\/wp-content\/uploads\/2019\/08\/Darmar.png","width":265,"height":143,"caption":"Darmar"},"image":{"@id":"https:\/\/www.darmar.it\/#\/schema\/logo\/image\/"},"sameAs":["https:\/\/www.facebook.com\/darmar.Italy\/","https:\/\/x.com\/MarketingDarmar"]}]}},"_links":{"self":[{"href":"https:\/\/www.darmar.it\/en\/wp-json\/wp\/v2\/product\/19299"}],"collection":[{"href":"https:\/\/www.darmar.it\/en\/wp-json\/wp\/v2\/product"}],"about":[{"href":"https:\/\/www.darmar.it\/en\/wp-json\/wp\/v2\/types\/product"}],"wp:featuredmedia":[{"embeddable":true,"href":"https:\/\/www.darmar.it\/en\/wp-json\/wp\/v2\/media\/19297"}],"wp:attachment":[{"href":"https:\/\/www.darmar.it\/en\/wp-json\/wp\/v2\/media?parent=19299"}],"wp:term":[{"taxonomy":"product_cat","embeddable":true,"href":"https:\/\/www.darmar.it\/en\/wp-json\/wp\/v2\/product_cat?post=19299"},{"taxonomy":"product_tag","embeddable":true,"href":"https:\/\/www.darmar.it\/en\/wp-json\/wp\/v2\/product_tag?post=19299"}],"curies":[{"name":"wp","href":"https:\/\/api.w.org\/{rel}","templated":true}]}}