{"id":17358,"date":"2019-10-10T17:26:08","date_gmt":"2019-10-10T15:26:08","guid":{"rendered":"http:\/\/darmar.innovea.it\/?post_type=product&#038;p=17358"},"modified":"2025-11-13T14:08:49","modified_gmt":"2025-11-13T12:08:49","slug":"dolcificante-stevia-ship","status":"publish","type":"product","link":"https:\/\/www.darmar.it\/en\/prodotti\/dolcificanti\/dolcificante-stevia-ship\/","title":{"rendered":"Dolcificante Stevia Ship"},"content":{"rendered":"<p>Scatola da 60 buste di STEVIA<br \/>\nIl NUOVO dolcificante di derivazione INTERAMENTE NATURALE e a ZERO CALORIE.<\/p>\n<p>La Stevia rebaudiana Bertoni \u00e8 un piccolo arbusto che appartiene alla famiglia delle Asteraceae, originaria della Sierra di Amambai, sulla frontiera tra Brasile e Paraguay. Gli estratti ottenuti dalle sue foglie, glicosidi steviolici, sono 300 volte pi\u00f9 dolci dello zucchero ed inoltre non contengono calorie. Questo, unito alla crescente domanda di alimenti alternativi a basso contenuto calorico, fa si che l\u2019interesse nei confronti della STEVIA sia ogni giorno maggiore. La STEVIA \u00e8 il dolcificante maggiormente utilizzato nei mercati coreano e giapponese. Nel corso di quasi 20 anni milioni di consumatori giapponesi e brasiliani hanno utilizzato l\u2019estratto di Stevia come un dolcificante sicuro, per dolcificare salse, sottaceti, dolciumi e bibite. La Stevia fu introdotta nel mercato giapponese nel 1964 per le sue propriet\u00e0 dolcificanti e gi\u00e0 nel 1970 si incominci\u00f2 la produzione di stevioside, oggi largamente consumato nel mondo orientale. La Stevia fu approvata come edulcorante sicuro da parte della FDA (Food and Drugs Administration) nel 2008. A livello europeo, la EFSA (European Food Safety Authority) ha pubblicato in merito studi favorevoli. Il suo utilizzo in Europa \u00e8 stato approvato il 12 Novembre 2011. COME SI OTTIENE: La Stevia si coltiva nelle regioni tropicali e sub tropicali del Sudamerica. Dopo la coltivazione e la raccolta si procede all\u2019essiccazione della pianta e poi si separano le foglie dal resto della pianta. La Stevia (glicoside steviolico) si ottiene partendo da queste foglie secche mediante un processo costituito da fasi successive di estrazione, filtraggio, evaporazione ed infine cristallizzazione.<\/p>\n","protected":false},"excerpt":{"rendered":"<p>Scatola da 60 buste di STEVIA<br \/>\nIl NUOVO dolcificante di derivazione INTERAMENTE NATURALE e a ZERO CALORIE<\/p>\n","protected":false},"featured_media":19294,"template":"","meta":[],"product_cat":[183,197],"product_tag":[],"class_list":{"0":"post-17358","1":"product","2":"type-product","3":"status-publish","4":"has-post-thumbnail","6":"product_cat-dolcificanti","7":"product_cat-offerte-speciali","8":"product_brand-ship","11":"first","12":"instock","13":"sale","14":"taxable","15":"shipping-taxable","16":"purchasable","17":"product-type-simple"},"yoast_head":"<!-- This site is optimized with the Yoast SEO plugin v23.7 - https:\/\/yoast.com\/wordpress\/plugins\/seo\/ -->\n<title>Dolcificante Stevia Ship - Darmar - Tea Company<\/title>\n<meta name=\"robots\" content=\"index, follow, max-snippet:-1, max-image-preview:large, max-video-preview:-1\" \/>\n<link rel=\"canonical\" href=\"https:\/\/www.darmar.it\/prodotti\/dolcificanti\/dolcificante-stevia-ship\/\" \/>\n<meta property=\"og:locale\" content=\"en_US\" \/>\n<meta property=\"og:type\" content=\"article\" \/>\n<meta property=\"og:title\" content=\"Dolcificante Stevia Ship - Darmar - Tea Company\" \/>\n<meta property=\"og:description\" content=\"Scatola da 60 buste di STEVIA Il NUOVO dolcificante di derivazione INTERAMENTE NATURALE e a ZERO CALORIE\" \/>\n<meta property=\"og:url\" content=\"https:\/\/www.darmar.it\/prodotti\/dolcificanti\/dolcificante-stevia-ship\/\" \/>\n<meta property=\"og:site_name\" content=\"Darmar - Tea Company\" \/>\n<meta property=\"article:publisher\" content=\"https:\/\/www.facebook.com\/darmar.Italy\/\" \/>\n<meta property=\"article:modified_time\" content=\"2025-11-13T12:08:49+00:00\" \/>\n<meta property=\"og:image\" content=\"https:\/\/www.darmar.it\/wp-content\/uploads\/2025\/02\/0-Caja60Sobres-Stevia-02.jpg\" \/>\n\t<meta property=\"og:image:width\" content=\"1920\" \/>\n\t<meta property=\"og:image:height\" content=\"1920\" \/>\n\t<meta property=\"og:image:type\" content=\"image\/jpeg\" \/>\n<meta name=\"twitter:card\" content=\"summary_large_image\" \/>\n<meta name=\"twitter:site\" content=\"@MarketingDarmar\" \/>\n<meta name=\"twitter:label1\" content=\"Est. reading time\" \/>\n\t<meta name=\"twitter:data1\" content=\"2 minutes\" \/>\n<script type=\"application\/ld+json\" class=\"yoast-schema-graph\">{\"@context\":\"https:\/\/schema.org\",\"@graph\":[{\"@type\":\"WebPage\",\"@id\":\"https:\/\/www.darmar.it\/prodotti\/dolcificanti\/dolcificante-stevia-ship\/\",\"url\":\"https:\/\/www.darmar.it\/prodotti\/dolcificanti\/dolcificante-stevia-ship\/\",\"name\":\"Dolcificante Stevia Ship - Darmar - Tea Company\",\"isPartOf\":{\"@id\":\"https:\/\/www.darmar.it\/#website\"},\"primaryImageOfPage\":{\"@id\":\"https:\/\/www.darmar.it\/prodotti\/dolcificanti\/dolcificante-stevia-ship\/#primaryimage\"},\"image\":{\"@id\":\"https:\/\/www.darmar.it\/prodotti\/dolcificanti\/dolcificante-stevia-ship\/#primaryimage\"},\"thumbnailUrl\":\"https:\/\/www.darmar.it\/wp-content\/uploads\/2025\/02\/0-Caja60Sobres-Stevia-02.jpg\",\"datePublished\":\"2019-10-10T15:26:08+00:00\",\"dateModified\":\"2025-11-13T12:08:49+00:00\",\"breadcrumb\":{\"@id\":\"https:\/\/www.darmar.it\/prodotti\/dolcificanti\/dolcificante-stevia-ship\/#breadcrumb\"},\"inLanguage\":\"en-US\",\"potentialAction\":[{\"@type\":\"ReadAction\",\"target\":[\"https:\/\/www.darmar.it\/prodotti\/dolcificanti\/dolcificante-stevia-ship\/\"]}]},{\"@type\":\"ImageObject\",\"inLanguage\":\"en-US\",\"@id\":\"https:\/\/www.darmar.it\/prodotti\/dolcificanti\/dolcificante-stevia-ship\/#primaryimage\",\"url\":\"https:\/\/www.darmar.it\/wp-content\/uploads\/2025\/02\/0-Caja60Sobres-Stevia-02.jpg\",\"contentUrl\":\"https:\/\/www.darmar.it\/wp-content\/uploads\/2025\/02\/0-Caja60Sobres-Stevia-02.jpg\",\"width\":1920,\"height\":1920},{\"@type\":\"BreadcrumbList\",\"@id\":\"https:\/\/www.darmar.it\/prodotti\/dolcificanti\/dolcificante-stevia-ship\/#breadcrumb\",\"itemListElement\":[{\"@type\":\"ListItem\",\"position\":1,\"name\":\"Home\",\"item\":\"https:\/\/www.darmar.it\/en\/\"},{\"@type\":\"ListItem\",\"position\":2,\"name\":\"Prodotti\",\"item\":\"https:\/\/www.darmar.it\/prodotti\/\"},{\"@type\":\"ListItem\",\"position\":3,\"name\":\"Dolcificante Stevia Ship\"}]},{\"@type\":\"WebSite\",\"@id\":\"https:\/\/www.darmar.it\/#website\",\"url\":\"https:\/\/www.darmar.it\/\",\"name\":\"Darmar - Tea Company\",\"description\":\"\",\"publisher\":{\"@id\":\"https:\/\/www.darmar.it\/#organization\"},\"potentialAction\":[{\"@type\":\"SearchAction\",\"target\":{\"@type\":\"EntryPoint\",\"urlTemplate\":\"https:\/\/www.darmar.it\/?s={search_term_string}\"},\"query-input\":{\"@type\":\"PropertyValueSpecification\",\"valueRequired\":true,\"valueName\":\"search_term_string\"}}],\"inLanguage\":\"en-US\"},{\"@type\":\"Organization\",\"@id\":\"https:\/\/www.darmar.it\/#organization\",\"name\":\"Darmar\",\"url\":\"https:\/\/www.darmar.it\/\",\"logo\":{\"@type\":\"ImageObject\",\"inLanguage\":\"en-US\",\"@id\":\"https:\/\/www.darmar.it\/#\/schema\/logo\/image\/\",\"url\":\"https:\/\/www.darmar.it\/wp-content\/uploads\/2019\/08\/Darmar.png\",\"contentUrl\":\"https:\/\/www.darmar.it\/wp-content\/uploads\/2019\/08\/Darmar.png\",\"width\":265,\"height\":143,\"caption\":\"Darmar\"},\"image\":{\"@id\":\"https:\/\/www.darmar.it\/#\/schema\/logo\/image\/\"},\"sameAs\":[\"https:\/\/www.facebook.com\/darmar.Italy\/\",\"https:\/\/x.com\/MarketingDarmar\"]}]}<\/script>\n<!-- \/ Yoast SEO plugin. -->","yoast_head_json":{"title":"Dolcificante Stevia Ship - Darmar - Tea Company","robots":{"index":"index","follow":"follow","max-snippet":"max-snippet:-1","max-image-preview":"max-image-preview:large","max-video-preview":"max-video-preview:-1"},"canonical":"https:\/\/www.darmar.it\/prodotti\/dolcificanti\/dolcificante-stevia-ship\/","og_locale":"en_US","og_type":"article","og_title":"Dolcificante Stevia Ship - Darmar - Tea Company","og_description":"Scatola da 60 buste di STEVIA Il NUOVO dolcificante di derivazione INTERAMENTE NATURALE e a ZERO CALORIE","og_url":"https:\/\/www.darmar.it\/prodotti\/dolcificanti\/dolcificante-stevia-ship\/","og_site_name":"Darmar - Tea Company","article_publisher":"https:\/\/www.facebook.com\/darmar.Italy\/","article_modified_time":"2025-11-13T12:08:49+00:00","og_image":[{"width":1920,"height":1920,"url":"https:\/\/www.darmar.it\/wp-content\/uploads\/2025\/02\/0-Caja60Sobres-Stevia-02.jpg","type":"image\/jpeg"}],"twitter_card":"summary_large_image","twitter_site":"@MarketingDarmar","twitter_misc":{"Est. reading time":"2 minutes"},"schema":{"@context":"https:\/\/schema.org","@graph":[{"@type":"WebPage","@id":"https:\/\/www.darmar.it\/prodotti\/dolcificanti\/dolcificante-stevia-ship\/","url":"https:\/\/www.darmar.it\/prodotti\/dolcificanti\/dolcificante-stevia-ship\/","name":"Dolcificante Stevia Ship - Darmar - Tea Company","isPartOf":{"@id":"https:\/\/www.darmar.it\/#website"},"primaryImageOfPage":{"@id":"https:\/\/www.darmar.it\/prodotti\/dolcificanti\/dolcificante-stevia-ship\/#primaryimage"},"image":{"@id":"https:\/\/www.darmar.it\/prodotti\/dolcificanti\/dolcificante-stevia-ship\/#primaryimage"},"thumbnailUrl":"https:\/\/www.darmar.it\/wp-content\/uploads\/2025\/02\/0-Caja60Sobres-Stevia-02.jpg","datePublished":"2019-10-10T15:26:08+00:00","dateModified":"2025-11-13T12:08:49+00:00","breadcrumb":{"@id":"https:\/\/www.darmar.it\/prodotti\/dolcificanti\/dolcificante-stevia-ship\/#breadcrumb"},"inLanguage":"en-US","potentialAction":[{"@type":"ReadAction","target":["https:\/\/www.darmar.it\/prodotti\/dolcificanti\/dolcificante-stevia-ship\/"]}]},{"@type":"ImageObject","inLanguage":"en-US","@id":"https:\/\/www.darmar.it\/prodotti\/dolcificanti\/dolcificante-stevia-ship\/#primaryimage","url":"https:\/\/www.darmar.it\/wp-content\/uploads\/2025\/02\/0-Caja60Sobres-Stevia-02.jpg","contentUrl":"https:\/\/www.darmar.it\/wp-content\/uploads\/2025\/02\/0-Caja60Sobres-Stevia-02.jpg","width":1920,"height":1920},{"@type":"BreadcrumbList","@id":"https:\/\/www.darmar.it\/prodotti\/dolcificanti\/dolcificante-stevia-ship\/#breadcrumb","itemListElement":[{"@type":"ListItem","position":1,"name":"Home","item":"https:\/\/www.darmar.it\/en\/"},{"@type":"ListItem","position":2,"name":"Prodotti","item":"https:\/\/www.darmar.it\/prodotti\/"},{"@type":"ListItem","position":3,"name":"Dolcificante Stevia Ship"}]},{"@type":"WebSite","@id":"https:\/\/www.darmar.it\/#website","url":"https:\/\/www.darmar.it\/","name":"Darmar - Tea Company","description":"","publisher":{"@id":"https:\/\/www.darmar.it\/#organization"},"potentialAction":[{"@type":"SearchAction","target":{"@type":"EntryPoint","urlTemplate":"https:\/\/www.darmar.it\/?s={search_term_string}"},"query-input":{"@type":"PropertyValueSpecification","valueRequired":true,"valueName":"search_term_string"}}],"inLanguage":"en-US"},{"@type":"Organization","@id":"https:\/\/www.darmar.it\/#organization","name":"Darmar","url":"https:\/\/www.darmar.it\/","logo":{"@type":"ImageObject","inLanguage":"en-US","@id":"https:\/\/www.darmar.it\/#\/schema\/logo\/image\/","url":"https:\/\/www.darmar.it\/wp-content\/uploads\/2019\/08\/Darmar.png","contentUrl":"https:\/\/www.darmar.it\/wp-content\/uploads\/2019\/08\/Darmar.png","width":265,"height":143,"caption":"Darmar"},"image":{"@id":"https:\/\/www.darmar.it\/#\/schema\/logo\/image\/"},"sameAs":["https:\/\/www.facebook.com\/darmar.Italy\/","https:\/\/x.com\/MarketingDarmar"]}]}},"_links":{"self":[{"href":"https:\/\/www.darmar.it\/en\/wp-json\/wp\/v2\/product\/17358"}],"collection":[{"href":"https:\/\/www.darmar.it\/en\/wp-json\/wp\/v2\/product"}],"about":[{"href":"https:\/\/www.darmar.it\/en\/wp-json\/wp\/v2\/types\/product"}],"wp:featuredmedia":[{"embeddable":true,"href":"https:\/\/www.darmar.it\/en\/wp-json\/wp\/v2\/media\/19294"}],"wp:attachment":[{"href":"https:\/\/www.darmar.it\/en\/wp-json\/wp\/v2\/media?parent=17358"}],"wp:term":[{"taxonomy":"product_cat","embeddable":true,"href":"https:\/\/www.darmar.it\/en\/wp-json\/wp\/v2\/product_cat?post=17358"},{"taxonomy":"product_tag","embeddable":true,"href":"https:\/\/www.darmar.it\/en\/wp-json\/wp\/v2\/product_tag?post=17358"}],"curies":[{"name":"wp","href":"https:\/\/api.w.org\/{rel}","templated":true}]}}