{"id":17348,"date":"2019-10-10T17:12:44","date_gmt":"2019-10-10T17:12:44","guid":{"rendered":"http:\/\/darmar.innovea.it\/?post_type=product&#038;p=17348"},"modified":"2020-09-15T12:06:22","modified_gmt":"2020-09-15T12:06:22","slug":"scatola-15-filtri-piramidi-te-rosso-corpo-del-desiderio-confezione-da-12-scatole","status":"publish","type":"product","link":"https:\/\/www.darmar.it\/en\/prodotti\/te-e-tisane\/te-e-tisane-in-filtro-piramide\/te-filtro-piramide\/scatola-15-filtri-piramidi-te-rosso-corpo-del-desiderio-confezione-da-12-scatole\/","title":{"rendered":"Scatola 15 filtri piramidi T\u00e8 Rosso Corpo del Desiderio &#8211; Confezione da 12 scatole"},"content":{"rendered":"<p><a href=\"http:\/\/darmar.innovea.it\/wp-content\/uploads\/2019\/10\/corpodeldesiderio.jpg\"><img decoding=\"async\" class=\"alignleft size-medium wp-image-17347\" src=\"http:\/\/darmar.innovea.it\/wp-content\/uploads\/2019\/10\/corpodeldesiderio-276x300.jpg\" alt=\"\" width=\"276\" height=\"300\" srcset=\"https:\/\/www.darmar.it\/wp-content\/uploads\/2019\/10\/corpodeldesiderio-276x300.jpg 276w, https:\/\/www.darmar.it\/wp-content\/uploads\/2019\/10\/corpodeldesiderio-768x835.jpg 768w, https:\/\/www.darmar.it\/wp-content\/uploads\/2019\/10\/corpodeldesiderio-942x1024.jpg 942w, https:\/\/www.darmar.it\/wp-content\/uploads\/2019\/10\/corpodeldesiderio-196x213.jpg 196w, https:\/\/www.darmar.it\/wp-content\/uploads\/2019\/10\/corpodeldesiderio-580x630.jpg 580w, https:\/\/www.darmar.it\/wp-content\/uploads\/2019\/10\/corpodeldesiderio.jpg 1404w\" sizes=\"(max-width: 276px) 100vw, 276px\" \/><\/a><\/p>\n<p>A base di t\u00e8 rosso PU E RH, t\u00e8 verde ed ibisco combina un aroma sensuale con un leggero tocco acido dei diversi frutti, perfetto per le persone che tengono alla propria linea.<\/p>\n<p>Propriet\u00e0:<\/p>\n<ul>\n<li><strong>T\u00e8 rosso. <\/strong>Il t\u00e8 rosso PU ERH si utilizza in Cina per migliorare l\u2019umore delle persone con tendenza a leggera depressione. Il PU ERH disintossica, attiva fegato e milza stimolando l\u2019espulsione delle tossine. Inoltre tra le sue componenti si evidenzia la saponina sostanza vegetale capace di eliminare i grassi.<\/li>\n<li><strong>T\u00e8 verde. <\/strong>Le citochine del t\u00e8 verde sono antiossidanti e hanno la propriet\u00e0 di combattere il deterioramento delle nostre cellule. Questa gran quantit\u00e0 di catechine possono portare alla diminuzione del deterioramento cognitivo delle persone anziane. Il t\u00e8 verde contiene importanti quantit\u00e0 di L-TEANINA, una sostanza nootropica che potenzia le attivit\u00e0 cognitive inducendo la neurogenesi e migliorando processi cognitivi come la memoria, il livello di attenzione, di concentrazione e la capacit\u00e0 di apprendimento.<\/li>\n<\/ul>\n<p>&nbsp;<\/p>\n<p>Le infusioni in taglio piramidale hanno notevoli vantaggi rispetto alle infusioni in taglio fanning (tipo di taglio utilizzato nei filtri tradizionali ). Qualit\u00e0: La misura del taglio dei prodotti \u00e8 maggiore di quella dei filtri tradizionali e pertanto si tratta di un prodotto di qualit\u00e0 superiore. Forma piramidale: la forma piramidale di questi filtri \u00e8 ottima perch\u00e8 durante l\u2019infusione, le piante emanano tutto il loro colore, sapore e aroma. Inoltre la maggiore dimensione del filtro piramidale permette alle foglie di imbibirsi meglio e di allargarsi totalmente.<\/p>\n<p>&nbsp;<\/p>\n<p>&nbsp;<\/p>\n","protected":false},"excerpt":{"rendered":"<p>A base di t\u00e8 rosso pu-erh t\u00e8 verde ed ibisco, unisce un aroma sensuale con il leggero tocco acidulo di differenti frutti come fragola, ananas e kiwi. Perfetto per coloro che hanno particolare cura del proprio corpo.<\/p>\n<p>Ogni filtro piramidale \u00e8 protetto ermeticamente in buste di carta e alluminio.<\/p>\n<p>&nbsp;<\/p>\n","protected":false},"featured_media":17210,"template":"","meta":[],"product_cat":[229,231,235],"product_tag":[],"class_list":{"0":"post-17348","1":"product","2":"type-product","3":"status-publish","4":"has-post-thumbnail","6":"product_cat-te-e-tisane","7":"product_cat-te-e-tisane-in-filtro-piramide","8":"product_cat-te-filtro-piramide","11":"first","12":"instock","13":"sale","14":"taxable","15":"shipping-taxable","16":"purchasable","17":"product-type-simple"},"yoast_head":"<!-- This site is optimized with the Yoast SEO plugin v23.7 - https:\/\/yoast.com\/wordpress\/plugins\/seo\/ -->\n<title>Scatola 15 filtri piramidi T\u00e8 Rosso Corpo del Desiderio - Confezione da 12 scatole - Darmar - Tea Company<\/title>\n<meta name=\"robots\" content=\"index, follow, max-snippet:-1, max-image-preview:large, max-video-preview:-1\" \/>\n<link rel=\"canonical\" href=\"https:\/\/www.darmar.it\/prodotti\/te-e-tisane\/te-e-tisane-in-filtro-piramide\/te-filtro-piramide\/scatola-15-filtri-piramidi-te-rosso-corpo-del-desiderio-confezione-da-12-scatole\/\" \/>\n<meta property=\"og:locale\" content=\"en_US\" \/>\n<meta property=\"og:type\" content=\"article\" \/>\n<meta property=\"og:title\" content=\"Scatola 15 filtri piramidi T\u00e8 Rosso Corpo del Desiderio - Confezione da 12 scatole - Darmar - Tea Company\" \/>\n<meta property=\"og:description\" content=\"A base di t\u00e8 rosso pu-erh t\u00e8 verde ed ibisco, unisce un aroma sensuale con il leggero tocco acidulo di differenti frutti come fragola, ananas e kiwi. Perfetto per coloro che hanno particolare cura del proprio corpo.  Ogni filtro piramidale \u00e8 protetto ermeticamente in buste di carta e alluminio.  &nbsp;\" \/>\n<meta property=\"og:url\" content=\"https:\/\/www.darmar.it\/prodotti\/te-e-tisane\/te-e-tisane-in-filtro-piramide\/te-filtro-piramide\/scatola-15-filtri-piramidi-te-rosso-corpo-del-desiderio-confezione-da-12-scatole\/\" \/>\n<meta property=\"og:site_name\" content=\"Darmar - Tea Company\" \/>\n<meta property=\"article:publisher\" content=\"https:\/\/www.facebook.com\/darmar.Italy\/\" \/>\n<meta property=\"article:modified_time\" content=\"2020-09-15T12:06:22+00:00\" \/>\n<meta property=\"og:image\" content=\"https:\/\/www.darmar.it\/wp-content\/uploads\/2019\/10\/img-scatola-cartone-3-onde_0.png\" \/>\n\t<meta property=\"og:image:width\" content=\"220\" \/>\n\t<meta property=\"og:image:height\" content=\"220\" \/>\n\t<meta property=\"og:image:type\" content=\"image\/png\" \/>\n<meta name=\"twitter:card\" content=\"summary_large_image\" \/>\n<meta name=\"twitter:site\" content=\"@MarketingDarmar\" \/>\n<meta name=\"twitter:label1\" content=\"Est. reading time\" \/>\n\t<meta name=\"twitter:data1\" content=\"1 minute\" \/>\n<script type=\"application\/ld+json\" class=\"yoast-schema-graph\">{\"@context\":\"https:\/\/schema.org\",\"@graph\":[{\"@type\":\"WebPage\",\"@id\":\"https:\/\/www.darmar.it\/prodotti\/te-e-tisane\/te-e-tisane-in-filtro-piramide\/te-filtro-piramide\/scatola-15-filtri-piramidi-te-rosso-corpo-del-desiderio-confezione-da-12-scatole\/\",\"url\":\"https:\/\/www.darmar.it\/prodotti\/te-e-tisane\/te-e-tisane-in-filtro-piramide\/te-filtro-piramide\/scatola-15-filtri-piramidi-te-rosso-corpo-del-desiderio-confezione-da-12-scatole\/\",\"name\":\"Scatola 15 filtri piramidi T\u00e8 Rosso Corpo del Desiderio - Confezione da 12 scatole - Darmar - Tea Company\",\"isPartOf\":{\"@id\":\"https:\/\/www.darmar.it\/#website\"},\"primaryImageOfPage\":{\"@id\":\"https:\/\/www.darmar.it\/prodotti\/te-e-tisane\/te-e-tisane-in-filtro-piramide\/te-filtro-piramide\/scatola-15-filtri-piramidi-te-rosso-corpo-del-desiderio-confezione-da-12-scatole\/#primaryimage\"},\"image\":{\"@id\":\"https:\/\/www.darmar.it\/prodotti\/te-e-tisane\/te-e-tisane-in-filtro-piramide\/te-filtro-piramide\/scatola-15-filtri-piramidi-te-rosso-corpo-del-desiderio-confezione-da-12-scatole\/#primaryimage\"},\"thumbnailUrl\":\"https:\/\/www.darmar.it\/wp-content\/uploads\/2019\/10\/img-scatola-cartone-3-onde_0-e1650534355304.png\",\"datePublished\":\"2019-10-10T17:12:44+00:00\",\"dateModified\":\"2020-09-15T12:06:22+00:00\",\"breadcrumb\":{\"@id\":\"https:\/\/www.darmar.it\/prodotti\/te-e-tisane\/te-e-tisane-in-filtro-piramide\/te-filtro-piramide\/scatola-15-filtri-piramidi-te-rosso-corpo-del-desiderio-confezione-da-12-scatole\/#breadcrumb\"},\"inLanguage\":\"en-US\",\"potentialAction\":[{\"@type\":\"ReadAction\",\"target\":[\"https:\/\/www.darmar.it\/prodotti\/te-e-tisane\/te-e-tisane-in-filtro-piramide\/te-filtro-piramide\/scatola-15-filtri-piramidi-te-rosso-corpo-del-desiderio-confezione-da-12-scatole\/\"]}]},{\"@type\":\"ImageObject\",\"inLanguage\":\"en-US\",\"@id\":\"https:\/\/www.darmar.it\/prodotti\/te-e-tisane\/te-e-tisane-in-filtro-piramide\/te-filtro-piramide\/scatola-15-filtri-piramidi-te-rosso-corpo-del-desiderio-confezione-da-12-scatole\/#primaryimage\",\"url\":\"https:\/\/www.darmar.it\/wp-content\/uploads\/2019\/10\/img-scatola-cartone-3-onde_0-e1650534355304.png\",\"contentUrl\":\"https:\/\/www.darmar.it\/wp-content\/uploads\/2019\/10\/img-scatola-cartone-3-onde_0-e1650534355304.png\",\"width\":190,\"height\":190},{\"@type\":\"BreadcrumbList\",\"@id\":\"https:\/\/www.darmar.it\/prodotti\/te-e-tisane\/te-e-tisane-in-filtro-piramide\/te-filtro-piramide\/scatola-15-filtri-piramidi-te-rosso-corpo-del-desiderio-confezione-da-12-scatole\/#breadcrumb\",\"itemListElement\":[{\"@type\":\"ListItem\",\"position\":1,\"name\":\"Home\",\"item\":\"https:\/\/www.darmar.it\/en\/\"},{\"@type\":\"ListItem\",\"position\":2,\"name\":\"Prodotti\",\"item\":\"https:\/\/www.darmar.it\/prodotti\/\"},{\"@type\":\"ListItem\",\"position\":3,\"name\":\"Scatola 15 filtri piramidi T\u00e8 Rosso Corpo del Desiderio &#8211; Confezione da 12 scatole\"}]},{\"@type\":\"WebSite\",\"@id\":\"https:\/\/www.darmar.it\/#website\",\"url\":\"https:\/\/www.darmar.it\/\",\"name\":\"Darmar - Tea Company\",\"description\":\"\",\"publisher\":{\"@id\":\"https:\/\/www.darmar.it\/#organization\"},\"potentialAction\":[{\"@type\":\"SearchAction\",\"target\":{\"@type\":\"EntryPoint\",\"urlTemplate\":\"https:\/\/www.darmar.it\/?s={search_term_string}\"},\"query-input\":{\"@type\":\"PropertyValueSpecification\",\"valueRequired\":true,\"valueName\":\"search_term_string\"}}],\"inLanguage\":\"en-US\"},{\"@type\":\"Organization\",\"@id\":\"https:\/\/www.darmar.it\/#organization\",\"name\":\"Darmar\",\"url\":\"https:\/\/www.darmar.it\/\",\"logo\":{\"@type\":\"ImageObject\",\"inLanguage\":\"en-US\",\"@id\":\"https:\/\/www.darmar.it\/#\/schema\/logo\/image\/\",\"url\":\"https:\/\/www.darmar.it\/wp-content\/uploads\/2019\/08\/Darmar.png\",\"contentUrl\":\"https:\/\/www.darmar.it\/wp-content\/uploads\/2019\/08\/Darmar.png\",\"width\":265,\"height\":143,\"caption\":\"Darmar\"},\"image\":{\"@id\":\"https:\/\/www.darmar.it\/#\/schema\/logo\/image\/\"},\"sameAs\":[\"https:\/\/www.facebook.com\/darmar.Italy\/\",\"https:\/\/x.com\/MarketingDarmar\"]}]}<\/script>\n<!-- \/ Yoast SEO plugin. -->","yoast_head_json":{"title":"Scatola 15 filtri piramidi T\u00e8 Rosso Corpo del Desiderio - Confezione da 12 scatole - Darmar - Tea Company","robots":{"index":"index","follow":"follow","max-snippet":"max-snippet:-1","max-image-preview":"max-image-preview:large","max-video-preview":"max-video-preview:-1"},"canonical":"https:\/\/www.darmar.it\/prodotti\/te-e-tisane\/te-e-tisane-in-filtro-piramide\/te-filtro-piramide\/scatola-15-filtri-piramidi-te-rosso-corpo-del-desiderio-confezione-da-12-scatole\/","og_locale":"en_US","og_type":"article","og_title":"Scatola 15 filtri piramidi T\u00e8 Rosso Corpo del Desiderio - Confezione da 12 scatole - Darmar - Tea Company","og_description":"A base di t\u00e8 rosso pu-erh t\u00e8 verde ed ibisco, unisce un aroma sensuale con il leggero tocco acidulo di differenti frutti come fragola, ananas e kiwi. Perfetto per coloro che hanno particolare cura del proprio corpo.  Ogni filtro piramidale \u00e8 protetto ermeticamente in buste di carta e alluminio.  &nbsp;","og_url":"https:\/\/www.darmar.it\/prodotti\/te-e-tisane\/te-e-tisane-in-filtro-piramide\/te-filtro-piramide\/scatola-15-filtri-piramidi-te-rosso-corpo-del-desiderio-confezione-da-12-scatole\/","og_site_name":"Darmar - Tea Company","article_publisher":"https:\/\/www.facebook.com\/darmar.Italy\/","article_modified_time":"2020-09-15T12:06:22+00:00","og_image":[{"width":220,"height":220,"url":"https:\/\/www.darmar.it\/wp-content\/uploads\/2019\/10\/img-scatola-cartone-3-onde_0.png","type":"image\/png"}],"twitter_card":"summary_large_image","twitter_site":"@MarketingDarmar","twitter_misc":{"Est. reading time":"1 minute"},"schema":{"@context":"https:\/\/schema.org","@graph":[{"@type":"WebPage","@id":"https:\/\/www.darmar.it\/prodotti\/te-e-tisane\/te-e-tisane-in-filtro-piramide\/te-filtro-piramide\/scatola-15-filtri-piramidi-te-rosso-corpo-del-desiderio-confezione-da-12-scatole\/","url":"https:\/\/www.darmar.it\/prodotti\/te-e-tisane\/te-e-tisane-in-filtro-piramide\/te-filtro-piramide\/scatola-15-filtri-piramidi-te-rosso-corpo-del-desiderio-confezione-da-12-scatole\/","name":"Scatola 15 filtri piramidi T\u00e8 Rosso Corpo del Desiderio - Confezione da 12 scatole - Darmar - Tea Company","isPartOf":{"@id":"https:\/\/www.darmar.it\/#website"},"primaryImageOfPage":{"@id":"https:\/\/www.darmar.it\/prodotti\/te-e-tisane\/te-e-tisane-in-filtro-piramide\/te-filtro-piramide\/scatola-15-filtri-piramidi-te-rosso-corpo-del-desiderio-confezione-da-12-scatole\/#primaryimage"},"image":{"@id":"https:\/\/www.darmar.it\/prodotti\/te-e-tisane\/te-e-tisane-in-filtro-piramide\/te-filtro-piramide\/scatola-15-filtri-piramidi-te-rosso-corpo-del-desiderio-confezione-da-12-scatole\/#primaryimage"},"thumbnailUrl":"https:\/\/www.darmar.it\/wp-content\/uploads\/2019\/10\/img-scatola-cartone-3-onde_0-e1650534355304.png","datePublished":"2019-10-10T17:12:44+00:00","dateModified":"2020-09-15T12:06:22+00:00","breadcrumb":{"@id":"https:\/\/www.darmar.it\/prodotti\/te-e-tisane\/te-e-tisane-in-filtro-piramide\/te-filtro-piramide\/scatola-15-filtri-piramidi-te-rosso-corpo-del-desiderio-confezione-da-12-scatole\/#breadcrumb"},"inLanguage":"en-US","potentialAction":[{"@type":"ReadAction","target":["https:\/\/www.darmar.it\/prodotti\/te-e-tisane\/te-e-tisane-in-filtro-piramide\/te-filtro-piramide\/scatola-15-filtri-piramidi-te-rosso-corpo-del-desiderio-confezione-da-12-scatole\/"]}]},{"@type":"ImageObject","inLanguage":"en-US","@id":"https:\/\/www.darmar.it\/prodotti\/te-e-tisane\/te-e-tisane-in-filtro-piramide\/te-filtro-piramide\/scatola-15-filtri-piramidi-te-rosso-corpo-del-desiderio-confezione-da-12-scatole\/#primaryimage","url":"https:\/\/www.darmar.it\/wp-content\/uploads\/2019\/10\/img-scatola-cartone-3-onde_0-e1650534355304.png","contentUrl":"https:\/\/www.darmar.it\/wp-content\/uploads\/2019\/10\/img-scatola-cartone-3-onde_0-e1650534355304.png","width":190,"height":190},{"@type":"BreadcrumbList","@id":"https:\/\/www.darmar.it\/prodotti\/te-e-tisane\/te-e-tisane-in-filtro-piramide\/te-filtro-piramide\/scatola-15-filtri-piramidi-te-rosso-corpo-del-desiderio-confezione-da-12-scatole\/#breadcrumb","itemListElement":[{"@type":"ListItem","position":1,"name":"Home","item":"https:\/\/www.darmar.it\/en\/"},{"@type":"ListItem","position":2,"name":"Prodotti","item":"https:\/\/www.darmar.it\/prodotti\/"},{"@type":"ListItem","position":3,"name":"Scatola 15 filtri piramidi T\u00e8 Rosso Corpo del Desiderio &#8211; Confezione da 12 scatole"}]},{"@type":"WebSite","@id":"https:\/\/www.darmar.it\/#website","url":"https:\/\/www.darmar.it\/","name":"Darmar - Tea Company","description":"","publisher":{"@id":"https:\/\/www.darmar.it\/#organization"},"potentialAction":[{"@type":"SearchAction","target":{"@type":"EntryPoint","urlTemplate":"https:\/\/www.darmar.it\/?s={search_term_string}"},"query-input":{"@type":"PropertyValueSpecification","valueRequired":true,"valueName":"search_term_string"}}],"inLanguage":"en-US"},{"@type":"Organization","@id":"https:\/\/www.darmar.it\/#organization","name":"Darmar","url":"https:\/\/www.darmar.it\/","logo":{"@type":"ImageObject","inLanguage":"en-US","@id":"https:\/\/www.darmar.it\/#\/schema\/logo\/image\/","url":"https:\/\/www.darmar.it\/wp-content\/uploads\/2019\/08\/Darmar.png","contentUrl":"https:\/\/www.darmar.it\/wp-content\/uploads\/2019\/08\/Darmar.png","width":265,"height":143,"caption":"Darmar"},"image":{"@id":"https:\/\/www.darmar.it\/#\/schema\/logo\/image\/"},"sameAs":["https:\/\/www.facebook.com\/darmar.Italy\/","https:\/\/x.com\/MarketingDarmar"]}]}},"_links":{"self":[{"href":"https:\/\/www.darmar.it\/en\/wp-json\/wp\/v2\/product\/17348"}],"collection":[{"href":"https:\/\/www.darmar.it\/en\/wp-json\/wp\/v2\/product"}],"about":[{"href":"https:\/\/www.darmar.it\/en\/wp-json\/wp\/v2\/types\/product"}],"wp:featuredmedia":[{"embeddable":true,"href":"https:\/\/www.darmar.it\/en\/wp-json\/wp\/v2\/media\/17210"}],"wp:attachment":[{"href":"https:\/\/www.darmar.it\/en\/wp-json\/wp\/v2\/media?parent=17348"}],"wp:term":[{"taxonomy":"product_cat","embeddable":true,"href":"https:\/\/www.darmar.it\/en\/wp-json\/wp\/v2\/product_cat?post=17348"},{"taxonomy":"product_tag","embeddable":true,"href":"https:\/\/www.darmar.it\/en\/wp-json\/wp\/v2\/product_tag?post=17348"}],"curies":[{"name":"wp","href":"https:\/\/api.w.org\/{rel}","templated":true}]}}