{"id":17340,"date":"2019-10-10T16:30:44","date_gmt":"2019-10-10T16:30:44","guid":{"rendered":"http:\/\/darmar.innovea.it\/?post_type=product&#038;p=17340"},"modified":"2021-09-20T11:51:02","modified_gmt":"2021-09-20T11:51:02","slug":"scatola-15-filtri-piramidi-te-verde-sencha-con-ciliegie","status":"publish","type":"product","link":"https:\/\/www.darmar.it\/en\/prodotti\/te-e-tisane\/te-e-tisane-in-filtro-piramide\/te-filtro-piramide\/scatola-15-filtri-piramidi-te-verde-sencha-con-ciliegie\/","title":{"rendered":"Scatola 15 filtri piramidi T\u00e8 Verde Sencha con Ciliegie"},"content":{"rendered":"<p>T\u00e8 verde giapponese di prima qualit\u00e0 con pezzi di ciliegia disidratata. Senza dubbio uno dei migliori della selezione. Ha un basso contenuto di teina. Peso netto 30g (15 x 2g).<\/p>\n<p>Ogni filtro piramidale \u00e8 protetto ermeticamente in busta singola.<\/p>\n<p>Le infusioni in taglio piramidale hanno notevoli vantaggi rispetto alle infusioni in taglio fanning (tipo di taglio utilizzato nei filtri tradizionali ). Qualit\u00e0: La misura del taglio dei prodotti \u00e8 maggiore di quella dei filtri tradizionali e pertanto si tratta di un prodotto di qualit\u00e0 superiore. Forma piramidale: la forma piramidale di questi filtri \u00e8 ottima perch\u00e8 durante l\u2019infusione, le piante emanano tutto il loro colore, sapore e aroma. Inoltre la maggiore dimensione del filtro piramidale permette alle foglie di imbibirsi meglio e di allargarsi totalmente.<\/p>\n<p>Indicazioni di massima su come preparare t\u00e8 ed infusi:<\/p>\n<p>T\u00e8 neri e t\u00e8 rossi: portare l&#8217;acqua quasi ad ebollizione e poi lasciare la bustina in infusione 3 &#8211; 5 minuti<\/p>\n<p>T\u00e8 verdi: portare l&#8217;acqua a circa 80 gradi e poi lasciare la bustina in infusione 2 &#8211; 3 minuti<\/p>\n<p>Rooibos e tisane: portare l&#8217;acqua quasi ad ebollizione e lasciare in infusione 4 &#8211; 7 minuti<\/p>\n<p>Buona degustazione!<\/p>\n<p>&nbsp;<\/p>\n<p>&nbsp;<\/p>\n<p>&nbsp;<\/p>\n","protected":false},"excerpt":{"rendered":"<p>T\u00e8 verde giapponese di prima qualit\u00e0 con pezzi di ciliegia disidratata. Senza dubbio uno dei migliori della selezione. Ogni filtro piramidale \u00e8 protetto ermeticamente. Ha un basso contenuto di teina. Peso netto 30g (15 x 2g).<\/p>\n<p>&nbsp;<\/p>\n","protected":false},"featured_media":17341,"template":"","meta":[],"product_cat":[229,231,235],"product_tag":[],"class_list":{"0":"post-17340","1":"product","2":"type-product","3":"status-publish","4":"has-post-thumbnail","6":"product_cat-te-e-tisane","7":"product_cat-te-e-tisane-in-filtro-piramide","8":"product_cat-te-filtro-piramide","9":"product_brand-ship","12":"first","13":"instock","14":"taxable","15":"shipping-taxable","16":"purchasable","17":"product-type-simple"},"yoast_head":"<!-- This site is optimized with the Yoast SEO plugin v23.7 - https:\/\/yoast.com\/wordpress\/plugins\/seo\/ -->\n<title>Scatola 15 filtri piramidi T\u00e8 Verde Sencha con Ciliegie - Darmar - Tea Company<\/title>\n<meta name=\"robots\" content=\"index, follow, max-snippet:-1, max-image-preview:large, max-video-preview:-1\" \/>\n<link rel=\"canonical\" href=\"https:\/\/www.darmar.it\/prodotti\/te-e-tisane\/te-e-tisane-in-filtro-piramide\/te-filtro-piramide\/scatola-15-filtri-piramidi-te-verde-sencha-con-ciliegie\/\" \/>\n<meta property=\"og:locale\" content=\"en_US\" \/>\n<meta property=\"og:type\" content=\"article\" \/>\n<meta property=\"og:title\" content=\"Scatola 15 filtri piramidi T\u00e8 Verde Sencha con Ciliegie - Darmar - Tea Company\" \/>\n<meta property=\"og:description\" content=\"T\u00e8 verde giapponese di prima qualit\u00e0 con pezzi di ciliegia disidratata. Senza dubbio uno dei migliori della selezione. Ogni filtro piramidale \u00e8 protetto ermeticamente. Ha un basso contenuto di teina. Peso netto 30g (15 x 2g).  &nbsp;\" \/>\n<meta property=\"og:url\" content=\"https:\/\/www.darmar.it\/prodotti\/te-e-tisane\/te-e-tisane-in-filtro-piramide\/te-filtro-piramide\/scatola-15-filtri-piramidi-te-verde-sencha-con-ciliegie\/\" \/>\n<meta property=\"og:site_name\" content=\"Darmar - Tea Company\" \/>\n<meta property=\"article:publisher\" content=\"https:\/\/www.facebook.com\/darmar.Italy\/\" \/>\n<meta property=\"article:modified_time\" content=\"2021-09-20T11:51:02+00:00\" \/>\n<meta property=\"og:image\" content=\"https:\/\/www.darmar.it\/wp-content\/uploads\/2019\/10\/senchaconciliegiepiramides.jpg\" \/>\n\t<meta property=\"og:image:width\" content=\"1404\" \/>\n\t<meta property=\"og:image:height\" content=\"1526\" \/>\n\t<meta property=\"og:image:type\" content=\"image\/jpeg\" \/>\n<meta name=\"twitter:card\" content=\"summary_large_image\" \/>\n<meta name=\"twitter:site\" content=\"@MarketingDarmar\" \/>\n<meta name=\"twitter:label1\" content=\"Est. reading time\" \/>\n\t<meta name=\"twitter:data1\" content=\"1 minute\" \/>\n<script type=\"application\/ld+json\" class=\"yoast-schema-graph\">{\"@context\":\"https:\/\/schema.org\",\"@graph\":[{\"@type\":\"WebPage\",\"@id\":\"https:\/\/www.darmar.it\/prodotti\/te-e-tisane\/te-e-tisane-in-filtro-piramide\/te-filtro-piramide\/scatola-15-filtri-piramidi-te-verde-sencha-con-ciliegie\/\",\"url\":\"https:\/\/www.darmar.it\/prodotti\/te-e-tisane\/te-e-tisane-in-filtro-piramide\/te-filtro-piramide\/scatola-15-filtri-piramidi-te-verde-sencha-con-ciliegie\/\",\"name\":\"Scatola 15 filtri piramidi T\u00e8 Verde Sencha con Ciliegie - Darmar - Tea Company\",\"isPartOf\":{\"@id\":\"https:\/\/www.darmar.it\/#website\"},\"primaryImageOfPage\":{\"@id\":\"https:\/\/www.darmar.it\/prodotti\/te-e-tisane\/te-e-tisane-in-filtro-piramide\/te-filtro-piramide\/scatola-15-filtri-piramidi-te-verde-sencha-con-ciliegie\/#primaryimage\"},\"image\":{\"@id\":\"https:\/\/www.darmar.it\/prodotti\/te-e-tisane\/te-e-tisane-in-filtro-piramide\/te-filtro-piramide\/scatola-15-filtri-piramidi-te-verde-sencha-con-ciliegie\/#primaryimage\"},\"thumbnailUrl\":\"https:\/\/www.darmar.it\/wp-content\/uploads\/2019\/10\/senchaconciliegiepiramides.jpg\",\"datePublished\":\"2019-10-10T16:30:44+00:00\",\"dateModified\":\"2021-09-20T11:51:02+00:00\",\"breadcrumb\":{\"@id\":\"https:\/\/www.darmar.it\/prodotti\/te-e-tisane\/te-e-tisane-in-filtro-piramide\/te-filtro-piramide\/scatola-15-filtri-piramidi-te-verde-sencha-con-ciliegie\/#breadcrumb\"},\"inLanguage\":\"en-US\",\"potentialAction\":[{\"@type\":\"ReadAction\",\"target\":[\"https:\/\/www.darmar.it\/prodotti\/te-e-tisane\/te-e-tisane-in-filtro-piramide\/te-filtro-piramide\/scatola-15-filtri-piramidi-te-verde-sencha-con-ciliegie\/\"]}]},{\"@type\":\"ImageObject\",\"inLanguage\":\"en-US\",\"@id\":\"https:\/\/www.darmar.it\/prodotti\/te-e-tisane\/te-e-tisane-in-filtro-piramide\/te-filtro-piramide\/scatola-15-filtri-piramidi-te-verde-sencha-con-ciliegie\/#primaryimage\",\"url\":\"https:\/\/www.darmar.it\/wp-content\/uploads\/2019\/10\/senchaconciliegiepiramides.jpg\",\"contentUrl\":\"https:\/\/www.darmar.it\/wp-content\/uploads\/2019\/10\/senchaconciliegiepiramides.jpg\",\"width\":1404,\"height\":1526},{\"@type\":\"BreadcrumbList\",\"@id\":\"https:\/\/www.darmar.it\/prodotti\/te-e-tisane\/te-e-tisane-in-filtro-piramide\/te-filtro-piramide\/scatola-15-filtri-piramidi-te-verde-sencha-con-ciliegie\/#breadcrumb\",\"itemListElement\":[{\"@type\":\"ListItem\",\"position\":1,\"name\":\"Home\",\"item\":\"https:\/\/www.darmar.it\/en\/\"},{\"@type\":\"ListItem\",\"position\":2,\"name\":\"Prodotti\",\"item\":\"https:\/\/www.darmar.it\/prodotti\/\"},{\"@type\":\"ListItem\",\"position\":3,\"name\":\"Scatola 15 filtri piramidi T\u00e8 Verde Sencha con Ciliegie\"}]},{\"@type\":\"WebSite\",\"@id\":\"https:\/\/www.darmar.it\/#website\",\"url\":\"https:\/\/www.darmar.it\/\",\"name\":\"Darmar - Tea Company\",\"description\":\"\",\"publisher\":{\"@id\":\"https:\/\/www.darmar.it\/#organization\"},\"potentialAction\":[{\"@type\":\"SearchAction\",\"target\":{\"@type\":\"EntryPoint\",\"urlTemplate\":\"https:\/\/www.darmar.it\/?s={search_term_string}\"},\"query-input\":{\"@type\":\"PropertyValueSpecification\",\"valueRequired\":true,\"valueName\":\"search_term_string\"}}],\"inLanguage\":\"en-US\"},{\"@type\":\"Organization\",\"@id\":\"https:\/\/www.darmar.it\/#organization\",\"name\":\"Darmar\",\"url\":\"https:\/\/www.darmar.it\/\",\"logo\":{\"@type\":\"ImageObject\",\"inLanguage\":\"en-US\",\"@id\":\"https:\/\/www.darmar.it\/#\/schema\/logo\/image\/\",\"url\":\"https:\/\/www.darmar.it\/wp-content\/uploads\/2019\/08\/Darmar.png\",\"contentUrl\":\"https:\/\/www.darmar.it\/wp-content\/uploads\/2019\/08\/Darmar.png\",\"width\":265,\"height\":143,\"caption\":\"Darmar\"},\"image\":{\"@id\":\"https:\/\/www.darmar.it\/#\/schema\/logo\/image\/\"},\"sameAs\":[\"https:\/\/www.facebook.com\/darmar.Italy\/\",\"https:\/\/x.com\/MarketingDarmar\"]}]}<\/script>\n<!-- \/ Yoast SEO plugin. -->","yoast_head_json":{"title":"Scatola 15 filtri piramidi T\u00e8 Verde Sencha con Ciliegie - Darmar - Tea Company","robots":{"index":"index","follow":"follow","max-snippet":"max-snippet:-1","max-image-preview":"max-image-preview:large","max-video-preview":"max-video-preview:-1"},"canonical":"https:\/\/www.darmar.it\/prodotti\/te-e-tisane\/te-e-tisane-in-filtro-piramide\/te-filtro-piramide\/scatola-15-filtri-piramidi-te-verde-sencha-con-ciliegie\/","og_locale":"en_US","og_type":"article","og_title":"Scatola 15 filtri piramidi T\u00e8 Verde Sencha con Ciliegie - Darmar - Tea Company","og_description":"T\u00e8 verde giapponese di prima qualit\u00e0 con pezzi di ciliegia disidratata. Senza dubbio uno dei migliori della selezione. Ogni filtro piramidale \u00e8 protetto ermeticamente. Ha un basso contenuto di teina. Peso netto 30g (15 x 2g).  &nbsp;","og_url":"https:\/\/www.darmar.it\/prodotti\/te-e-tisane\/te-e-tisane-in-filtro-piramide\/te-filtro-piramide\/scatola-15-filtri-piramidi-te-verde-sencha-con-ciliegie\/","og_site_name":"Darmar - Tea Company","article_publisher":"https:\/\/www.facebook.com\/darmar.Italy\/","article_modified_time":"2021-09-20T11:51:02+00:00","og_image":[{"width":1404,"height":1526,"url":"https:\/\/www.darmar.it\/wp-content\/uploads\/2019\/10\/senchaconciliegiepiramides.jpg","type":"image\/jpeg"}],"twitter_card":"summary_large_image","twitter_site":"@MarketingDarmar","twitter_misc":{"Est. reading time":"1 minute"},"schema":{"@context":"https:\/\/schema.org","@graph":[{"@type":"WebPage","@id":"https:\/\/www.darmar.it\/prodotti\/te-e-tisane\/te-e-tisane-in-filtro-piramide\/te-filtro-piramide\/scatola-15-filtri-piramidi-te-verde-sencha-con-ciliegie\/","url":"https:\/\/www.darmar.it\/prodotti\/te-e-tisane\/te-e-tisane-in-filtro-piramide\/te-filtro-piramide\/scatola-15-filtri-piramidi-te-verde-sencha-con-ciliegie\/","name":"Scatola 15 filtri piramidi T\u00e8 Verde Sencha con Ciliegie - Darmar - Tea Company","isPartOf":{"@id":"https:\/\/www.darmar.it\/#website"},"primaryImageOfPage":{"@id":"https:\/\/www.darmar.it\/prodotti\/te-e-tisane\/te-e-tisane-in-filtro-piramide\/te-filtro-piramide\/scatola-15-filtri-piramidi-te-verde-sencha-con-ciliegie\/#primaryimage"},"image":{"@id":"https:\/\/www.darmar.it\/prodotti\/te-e-tisane\/te-e-tisane-in-filtro-piramide\/te-filtro-piramide\/scatola-15-filtri-piramidi-te-verde-sencha-con-ciliegie\/#primaryimage"},"thumbnailUrl":"https:\/\/www.darmar.it\/wp-content\/uploads\/2019\/10\/senchaconciliegiepiramides.jpg","datePublished":"2019-10-10T16:30:44+00:00","dateModified":"2021-09-20T11:51:02+00:00","breadcrumb":{"@id":"https:\/\/www.darmar.it\/prodotti\/te-e-tisane\/te-e-tisane-in-filtro-piramide\/te-filtro-piramide\/scatola-15-filtri-piramidi-te-verde-sencha-con-ciliegie\/#breadcrumb"},"inLanguage":"en-US","potentialAction":[{"@type":"ReadAction","target":["https:\/\/www.darmar.it\/prodotti\/te-e-tisane\/te-e-tisane-in-filtro-piramide\/te-filtro-piramide\/scatola-15-filtri-piramidi-te-verde-sencha-con-ciliegie\/"]}]},{"@type":"ImageObject","inLanguage":"en-US","@id":"https:\/\/www.darmar.it\/prodotti\/te-e-tisane\/te-e-tisane-in-filtro-piramide\/te-filtro-piramide\/scatola-15-filtri-piramidi-te-verde-sencha-con-ciliegie\/#primaryimage","url":"https:\/\/www.darmar.it\/wp-content\/uploads\/2019\/10\/senchaconciliegiepiramides.jpg","contentUrl":"https:\/\/www.darmar.it\/wp-content\/uploads\/2019\/10\/senchaconciliegiepiramides.jpg","width":1404,"height":1526},{"@type":"BreadcrumbList","@id":"https:\/\/www.darmar.it\/prodotti\/te-e-tisane\/te-e-tisane-in-filtro-piramide\/te-filtro-piramide\/scatola-15-filtri-piramidi-te-verde-sencha-con-ciliegie\/#breadcrumb","itemListElement":[{"@type":"ListItem","position":1,"name":"Home","item":"https:\/\/www.darmar.it\/en\/"},{"@type":"ListItem","position":2,"name":"Prodotti","item":"https:\/\/www.darmar.it\/prodotti\/"},{"@type":"ListItem","position":3,"name":"Scatola 15 filtri piramidi T\u00e8 Verde Sencha con Ciliegie"}]},{"@type":"WebSite","@id":"https:\/\/www.darmar.it\/#website","url":"https:\/\/www.darmar.it\/","name":"Darmar - Tea Company","description":"","publisher":{"@id":"https:\/\/www.darmar.it\/#organization"},"potentialAction":[{"@type":"SearchAction","target":{"@type":"EntryPoint","urlTemplate":"https:\/\/www.darmar.it\/?s={search_term_string}"},"query-input":{"@type":"PropertyValueSpecification","valueRequired":true,"valueName":"search_term_string"}}],"inLanguage":"en-US"},{"@type":"Organization","@id":"https:\/\/www.darmar.it\/#organization","name":"Darmar","url":"https:\/\/www.darmar.it\/","logo":{"@type":"ImageObject","inLanguage":"en-US","@id":"https:\/\/www.darmar.it\/#\/schema\/logo\/image\/","url":"https:\/\/www.darmar.it\/wp-content\/uploads\/2019\/08\/Darmar.png","contentUrl":"https:\/\/www.darmar.it\/wp-content\/uploads\/2019\/08\/Darmar.png","width":265,"height":143,"caption":"Darmar"},"image":{"@id":"https:\/\/www.darmar.it\/#\/schema\/logo\/image\/"},"sameAs":["https:\/\/www.facebook.com\/darmar.Italy\/","https:\/\/x.com\/MarketingDarmar"]}]}},"_links":{"self":[{"href":"https:\/\/www.darmar.it\/en\/wp-json\/wp\/v2\/product\/17340"}],"collection":[{"href":"https:\/\/www.darmar.it\/en\/wp-json\/wp\/v2\/product"}],"about":[{"href":"https:\/\/www.darmar.it\/en\/wp-json\/wp\/v2\/types\/product"}],"wp:featuredmedia":[{"embeddable":true,"href":"https:\/\/www.darmar.it\/en\/wp-json\/wp\/v2\/media\/17341"}],"wp:attachment":[{"href":"https:\/\/www.darmar.it\/en\/wp-json\/wp\/v2\/media?parent=17340"}],"wp:term":[{"taxonomy":"product_cat","embeddable":true,"href":"https:\/\/www.darmar.it\/en\/wp-json\/wp\/v2\/product_cat?post=17340"},{"taxonomy":"product_tag","embeddable":true,"href":"https:\/\/www.darmar.it\/en\/wp-json\/wp\/v2\/product_tag?post=17340"}],"curies":[{"name":"wp","href":"https:\/\/api.w.org\/{rel}","templated":true}]}}