{"id":17200,"date":"2019-10-02T15:29:02","date_gmt":"2019-10-02T13:29:02","guid":{"rendered":"http:\/\/darmar.innovea.it\/?post_type=product&#038;p=17200"},"modified":"2025-02-12T16:01:29","modified_gmt":"2025-02-12T14:01:29","slug":"te-verde-darmar","status":"publish","type":"product","link":"https:\/\/www.darmar.it\/en\/prodotti\/te-e-tisane\/te-e-tisane-in-filtro-classico\/te-in-filtro-classico\/te-verde-darmar\/","title":{"rendered":"T\u00e8 Verde Darmar"},"content":{"rendered":"<h2 class=\"acc_head\"><span id=\"ctl00_ContentPlaceHolder1_RPT_Prodotti_ctl03_lbLabelIngr\">Ingredienti<\/span><\/h2>\n<div class=\"acc_content\">\n<p><span id=\"ctl00_ContentPlaceHolder1_RPT_Prodotti_ctl03_lbIngredienti\">T\u00e8 Verde<br \/>\n<\/span><\/p>\n<div class=\"accordion_in\">\n<h2 class=\"acc_head\">Allergeni<\/h2>\n<\/div>\n<\/div>\n<div class=\"acc_icon_expand\">no<\/div>\n<div class=\"acc_content\">\n<div class=\"accordion_in\">\n<h2 class=\"acc_head\">Pezzi in cartone<\/h2>\n<p><span id=\"ctl00_ContentPlaceHolder1_RPT_Prodotti_ctl03_lbImballi\">cartoni da 12 scatole<\/span><\/p>\n<\/div>\n<div class=\"accordion_in\">\n<h2 class=\"acc_head\">Contenuto scatola\/confezione<\/h2>\n<p><span id=\"ctl00_ContentPlaceHolder1_RPT_Prodotti_ctl03_lbContenuto\">20&#215;1.8g<\/span><\/p>\n<\/div>\n<\/div>\n","protected":false},"excerpt":{"rendered":"<p>Scatola contenente 20 filtri di t\u00e8 da 1,8g confezionati singolarmente in bustine ermetiche in carta. Peso netto 36g &#8220;Un&#8217;esclusiva miscela di t\u00e8 provenienti dalle migliori coltivazioni di Asia e Africa &#8221; Una miscela ricercata che vi sorprender\u00e0.<\/p>\n","protected":false},"featured_media":19121,"template":"","meta":[],"product_cat":[229,230,233],"product_tag":[],"class_list":{"0":"post-17200","1":"product","2":"type-product","3":"status-publish","4":"has-post-thumbnail","6":"product_cat-te-e-tisane","7":"product_cat-te-e-tisane-in-filtro-classico","8":"product_cat-te-in-filtro-classico","9":"product_brand-darmar","12":"first","13":"instock","14":"taxable","15":"shipping-taxable","16":"purchasable","17":"product-type-simple"},"yoast_head":"<!-- This site is optimized with the Yoast SEO plugin v23.7 - https:\/\/yoast.com\/wordpress\/plugins\/seo\/ -->\n<title>T\u00e8 Verde Darmar - Darmar - Tea Company<\/title>\n<meta name=\"robots\" content=\"index, follow, max-snippet:-1, max-image-preview:large, max-video-preview:-1\" \/>\n<link rel=\"canonical\" href=\"https:\/\/www.darmar.it\/prodotti\/te-e-tisane\/te-e-tisane-in-filtro-classico\/te-in-filtro-classico\/te-verde-darmar\/\" \/>\n<meta property=\"og:locale\" content=\"en_US\" \/>\n<meta property=\"og:type\" content=\"article\" \/>\n<meta property=\"og:title\" content=\"T\u00e8 Verde Darmar - Darmar - Tea Company\" \/>\n<meta property=\"og:description\" content=\"Scatola contenente 20 filtri di t\u00e8 da 1,8g confezionati singolarmente in bustine ermetiche in carta. Peso netto 36g &quot;Un&#039;esclusiva miscela di t\u00e8 provenienti dalle migliori coltivazioni di Asia e Africa &quot; Una miscela ricercata che vi sorprender\u00e0.\" \/>\n<meta property=\"og:url\" content=\"https:\/\/www.darmar.it\/prodotti\/te-e-tisane\/te-e-tisane-in-filtro-classico\/te-in-filtro-classico\/te-verde-darmar\/\" \/>\n<meta property=\"og:site_name\" content=\"Darmar - Tea Company\" \/>\n<meta property=\"article:publisher\" content=\"https:\/\/www.facebook.com\/darmar.Italy\/\" \/>\n<meta property=\"article:modified_time\" content=\"2025-02-12T14:01:29+00:00\" \/>\n<meta property=\"og:image\" content=\"https:\/\/www.darmar.it\/wp-content\/uploads\/2019\/10\/Te-Verde-orizzontale.png\" \/>\n\t<meta property=\"og:image:width\" content=\"1920\" \/>\n\t<meta property=\"og:image:height\" content=\"1920\" \/>\n\t<meta property=\"og:image:type\" content=\"image\/png\" \/>\n<meta name=\"twitter:card\" content=\"summary_large_image\" \/>\n<meta name=\"twitter:site\" content=\"@MarketingDarmar\" \/>\n<meta name=\"twitter:label1\" content=\"Est. reading time\" \/>\n\t<meta name=\"twitter:data1\" content=\"1 minute\" \/>\n<script type=\"application\/ld+json\" class=\"yoast-schema-graph\">{\"@context\":\"https:\/\/schema.org\",\"@graph\":[{\"@type\":\"WebPage\",\"@id\":\"https:\/\/www.darmar.it\/prodotti\/te-e-tisane\/te-e-tisane-in-filtro-classico\/te-in-filtro-classico\/te-verde-darmar\/\",\"url\":\"https:\/\/www.darmar.it\/prodotti\/te-e-tisane\/te-e-tisane-in-filtro-classico\/te-in-filtro-classico\/te-verde-darmar\/\",\"name\":\"T\u00e8 Verde Darmar - Darmar - Tea Company\",\"isPartOf\":{\"@id\":\"https:\/\/www.darmar.it\/#website\"},\"primaryImageOfPage\":{\"@id\":\"https:\/\/www.darmar.it\/prodotti\/te-e-tisane\/te-e-tisane-in-filtro-classico\/te-in-filtro-classico\/te-verde-darmar\/#primaryimage\"},\"image\":{\"@id\":\"https:\/\/www.darmar.it\/prodotti\/te-e-tisane\/te-e-tisane-in-filtro-classico\/te-in-filtro-classico\/te-verde-darmar\/#primaryimage\"},\"thumbnailUrl\":\"https:\/\/www.darmar.it\/wp-content\/uploads\/2019\/10\/Te-Verde-orizzontale.png\",\"datePublished\":\"2019-10-02T13:29:02+00:00\",\"dateModified\":\"2025-02-12T14:01:29+00:00\",\"breadcrumb\":{\"@id\":\"https:\/\/www.darmar.it\/prodotti\/te-e-tisane\/te-e-tisane-in-filtro-classico\/te-in-filtro-classico\/te-verde-darmar\/#breadcrumb\"},\"inLanguage\":\"en-US\",\"potentialAction\":[{\"@type\":\"ReadAction\",\"target\":[\"https:\/\/www.darmar.it\/prodotti\/te-e-tisane\/te-e-tisane-in-filtro-classico\/te-in-filtro-classico\/te-verde-darmar\/\"]}]},{\"@type\":\"ImageObject\",\"inLanguage\":\"en-US\",\"@id\":\"https:\/\/www.darmar.it\/prodotti\/te-e-tisane\/te-e-tisane-in-filtro-classico\/te-in-filtro-classico\/te-verde-darmar\/#primaryimage\",\"url\":\"https:\/\/www.darmar.it\/wp-content\/uploads\/2019\/10\/Te-Verde-orizzontale.png\",\"contentUrl\":\"https:\/\/www.darmar.it\/wp-content\/uploads\/2019\/10\/Te-Verde-orizzontale.png\",\"width\":1920,\"height\":1920},{\"@type\":\"BreadcrumbList\",\"@id\":\"https:\/\/www.darmar.it\/prodotti\/te-e-tisane\/te-e-tisane-in-filtro-classico\/te-in-filtro-classico\/te-verde-darmar\/#breadcrumb\",\"itemListElement\":[{\"@type\":\"ListItem\",\"position\":1,\"name\":\"Home\",\"item\":\"https:\/\/www.darmar.it\/en\/\"},{\"@type\":\"ListItem\",\"position\":2,\"name\":\"Prodotti\",\"item\":\"https:\/\/www.darmar.it\/prodotti\/\"},{\"@type\":\"ListItem\",\"position\":3,\"name\":\"T\u00e8 Verde Darmar\"}]},{\"@type\":\"WebSite\",\"@id\":\"https:\/\/www.darmar.it\/#website\",\"url\":\"https:\/\/www.darmar.it\/\",\"name\":\"Darmar - Tea Company\",\"description\":\"\",\"publisher\":{\"@id\":\"https:\/\/www.darmar.it\/#organization\"},\"potentialAction\":[{\"@type\":\"SearchAction\",\"target\":{\"@type\":\"EntryPoint\",\"urlTemplate\":\"https:\/\/www.darmar.it\/?s={search_term_string}\"},\"query-input\":{\"@type\":\"PropertyValueSpecification\",\"valueRequired\":true,\"valueName\":\"search_term_string\"}}],\"inLanguage\":\"en-US\"},{\"@type\":\"Organization\",\"@id\":\"https:\/\/www.darmar.it\/#organization\",\"name\":\"Darmar\",\"url\":\"https:\/\/www.darmar.it\/\",\"logo\":{\"@type\":\"ImageObject\",\"inLanguage\":\"en-US\",\"@id\":\"https:\/\/www.darmar.it\/#\/schema\/logo\/image\/\",\"url\":\"https:\/\/www.darmar.it\/wp-content\/uploads\/2019\/08\/Darmar.png\",\"contentUrl\":\"https:\/\/www.darmar.it\/wp-content\/uploads\/2019\/08\/Darmar.png\",\"width\":265,\"height\":143,\"caption\":\"Darmar\"},\"image\":{\"@id\":\"https:\/\/www.darmar.it\/#\/schema\/logo\/image\/\"},\"sameAs\":[\"https:\/\/www.facebook.com\/darmar.Italy\/\",\"https:\/\/x.com\/MarketingDarmar\"]}]}<\/script>\n<!-- \/ Yoast SEO plugin. -->","yoast_head_json":{"title":"T\u00e8 Verde Darmar - Darmar - Tea Company","robots":{"index":"index","follow":"follow","max-snippet":"max-snippet:-1","max-image-preview":"max-image-preview:large","max-video-preview":"max-video-preview:-1"},"canonical":"https:\/\/www.darmar.it\/prodotti\/te-e-tisane\/te-e-tisane-in-filtro-classico\/te-in-filtro-classico\/te-verde-darmar\/","og_locale":"en_US","og_type":"article","og_title":"T\u00e8 Verde Darmar - Darmar - Tea Company","og_description":"Scatola contenente 20 filtri di t\u00e8 da 1,8g confezionati singolarmente in bustine ermetiche in carta. Peso netto 36g \"Un'esclusiva miscela di t\u00e8 provenienti dalle migliori coltivazioni di Asia e Africa \" Una miscela ricercata che vi sorprender\u00e0.","og_url":"https:\/\/www.darmar.it\/prodotti\/te-e-tisane\/te-e-tisane-in-filtro-classico\/te-in-filtro-classico\/te-verde-darmar\/","og_site_name":"Darmar - Tea Company","article_publisher":"https:\/\/www.facebook.com\/darmar.Italy\/","article_modified_time":"2025-02-12T14:01:29+00:00","og_image":[{"width":1920,"height":1920,"url":"https:\/\/www.darmar.it\/wp-content\/uploads\/2019\/10\/Te-Verde-orizzontale.png","type":"image\/png"}],"twitter_card":"summary_large_image","twitter_site":"@MarketingDarmar","twitter_misc":{"Est. reading time":"1 minute"},"schema":{"@context":"https:\/\/schema.org","@graph":[{"@type":"WebPage","@id":"https:\/\/www.darmar.it\/prodotti\/te-e-tisane\/te-e-tisane-in-filtro-classico\/te-in-filtro-classico\/te-verde-darmar\/","url":"https:\/\/www.darmar.it\/prodotti\/te-e-tisane\/te-e-tisane-in-filtro-classico\/te-in-filtro-classico\/te-verde-darmar\/","name":"T\u00e8 Verde Darmar - Darmar - Tea Company","isPartOf":{"@id":"https:\/\/www.darmar.it\/#website"},"primaryImageOfPage":{"@id":"https:\/\/www.darmar.it\/prodotti\/te-e-tisane\/te-e-tisane-in-filtro-classico\/te-in-filtro-classico\/te-verde-darmar\/#primaryimage"},"image":{"@id":"https:\/\/www.darmar.it\/prodotti\/te-e-tisane\/te-e-tisane-in-filtro-classico\/te-in-filtro-classico\/te-verde-darmar\/#primaryimage"},"thumbnailUrl":"https:\/\/www.darmar.it\/wp-content\/uploads\/2019\/10\/Te-Verde-orizzontale.png","datePublished":"2019-10-02T13:29:02+00:00","dateModified":"2025-02-12T14:01:29+00:00","breadcrumb":{"@id":"https:\/\/www.darmar.it\/prodotti\/te-e-tisane\/te-e-tisane-in-filtro-classico\/te-in-filtro-classico\/te-verde-darmar\/#breadcrumb"},"inLanguage":"en-US","potentialAction":[{"@type":"ReadAction","target":["https:\/\/www.darmar.it\/prodotti\/te-e-tisane\/te-e-tisane-in-filtro-classico\/te-in-filtro-classico\/te-verde-darmar\/"]}]},{"@type":"ImageObject","inLanguage":"en-US","@id":"https:\/\/www.darmar.it\/prodotti\/te-e-tisane\/te-e-tisane-in-filtro-classico\/te-in-filtro-classico\/te-verde-darmar\/#primaryimage","url":"https:\/\/www.darmar.it\/wp-content\/uploads\/2019\/10\/Te-Verde-orizzontale.png","contentUrl":"https:\/\/www.darmar.it\/wp-content\/uploads\/2019\/10\/Te-Verde-orizzontale.png","width":1920,"height":1920},{"@type":"BreadcrumbList","@id":"https:\/\/www.darmar.it\/prodotti\/te-e-tisane\/te-e-tisane-in-filtro-classico\/te-in-filtro-classico\/te-verde-darmar\/#breadcrumb","itemListElement":[{"@type":"ListItem","position":1,"name":"Home","item":"https:\/\/www.darmar.it\/en\/"},{"@type":"ListItem","position":2,"name":"Prodotti","item":"https:\/\/www.darmar.it\/prodotti\/"},{"@type":"ListItem","position":3,"name":"T\u00e8 Verde Darmar"}]},{"@type":"WebSite","@id":"https:\/\/www.darmar.it\/#website","url":"https:\/\/www.darmar.it\/","name":"Darmar - Tea Company","description":"","publisher":{"@id":"https:\/\/www.darmar.it\/#organization"},"potentialAction":[{"@type":"SearchAction","target":{"@type":"EntryPoint","urlTemplate":"https:\/\/www.darmar.it\/?s={search_term_string}"},"query-input":{"@type":"PropertyValueSpecification","valueRequired":true,"valueName":"search_term_string"}}],"inLanguage":"en-US"},{"@type":"Organization","@id":"https:\/\/www.darmar.it\/#organization","name":"Darmar","url":"https:\/\/www.darmar.it\/","logo":{"@type":"ImageObject","inLanguage":"en-US","@id":"https:\/\/www.darmar.it\/#\/schema\/logo\/image\/","url":"https:\/\/www.darmar.it\/wp-content\/uploads\/2019\/08\/Darmar.png","contentUrl":"https:\/\/www.darmar.it\/wp-content\/uploads\/2019\/08\/Darmar.png","width":265,"height":143,"caption":"Darmar"},"image":{"@id":"https:\/\/www.darmar.it\/#\/schema\/logo\/image\/"},"sameAs":["https:\/\/www.facebook.com\/darmar.Italy\/","https:\/\/x.com\/MarketingDarmar"]}]}},"_links":{"self":[{"href":"https:\/\/www.darmar.it\/en\/wp-json\/wp\/v2\/product\/17200"}],"collection":[{"href":"https:\/\/www.darmar.it\/en\/wp-json\/wp\/v2\/product"}],"about":[{"href":"https:\/\/www.darmar.it\/en\/wp-json\/wp\/v2\/types\/product"}],"wp:featuredmedia":[{"embeddable":true,"href":"https:\/\/www.darmar.it\/en\/wp-json\/wp\/v2\/media\/19121"}],"wp:attachment":[{"href":"https:\/\/www.darmar.it\/en\/wp-json\/wp\/v2\/media?parent=17200"}],"wp:term":[{"taxonomy":"product_cat","embeddable":true,"href":"https:\/\/www.darmar.it\/en\/wp-json\/wp\/v2\/product_cat?post=17200"},{"taxonomy":"product_tag","embeddable":true,"href":"https:\/\/www.darmar.it\/en\/wp-json\/wp\/v2\/product_tag?post=17200"}],"curies":[{"name":"wp","href":"https:\/\/api.w.org\/{rel}","templated":true}]}}